{"id":1667,"date":"2018-01-20T19:08:08","date_gmt":"2018-01-20T18:08:08","guid":{"rendered":"http:\/\/didierlemarchand.net\/site\/portfolio-2\/presence\/se-decouvrir-2\/"},"modified":"2018-02-26T18:11:22","modified_gmt":"2018-02-26T17:11:22","slug":"se-decouvrir-3","status":"publish","type":"page","link":"https:\/\/didierlemarchand.net\/site\/portfolio-2\/presence\/se-decouvrir-3\/","title":{"rendered":"se d\u00e9couvrir 3"},"content":{"rendered":"<p style=\"text-align: center;\">s\u00e9rie commenc\u00e9e en 2012 \u2013 30 x 30 cm \u2013 impression pigmentaire<\/p>\n<p style=\"text-align: center;\"><a href=\"http:\/\/didierlemarchand.net\/4_site_nouveau\/dossiers_telechargeables\/D_Lemarchand_se_decouvrir_3.pdf\" target=\"_blank\" rel=\"noopener\">dossier de pr\u00e9sentation t\u00e9l\u00e9chargeable<\/a><\/p>\n<h1 style=\"text-align: center;\">&#8211;<\/h1>\n<p style=\"text-align: center;\"><img loading=\"lazy\" decoding=\"async\" class=\"alignnone size-medium colorbox-1667\" src=\"http:\/\/didierlemarchand.net\/4_site_nouveau\/portfolio-N3\/presence_N3\/PF3_se_decouvrir_3\/se_decouvrir_3_032.JPG\" width=\"438\" height=\"438\" \/><\/p>\n<h1><\/h1>\n<p>&nbsp;<\/p>\n<h1 style=\"text-align: center;\">&#8211;<\/h1>\n<h1><\/h1>\n<p>&nbsp;<\/p>\n<p style=\"text-align: center;\"><img loading=\"lazy\" decoding=\"async\" class=\"alignnone size-medium colorbox-1667\" src=\"http:\/\/didierlemarchand.net\/4_site_nouveau\/portfolio-N3\/presence_N3\/PF3_se_decouvrir_3\/se_decouvrir_3_033.JPG\" width=\"438\" height=\"438\" \/><\/p>\n<h1><\/h1>\n<p>&nbsp;<\/p>\n<h1 style=\"text-align: center;\">&#8211;<\/h1>\n<h1><\/h1>\n<p>&nbsp;<\/p>\n<p style=\"text-align: center;\"><img loading=\"lazy\" decoding=\"async\" class=\"alignnone size-medium colorbox-1667\" src=\"http:\/\/didierlemarchand.net\/4_site_nouveau\/portfolio-N3\/presence_N3\/PF3_se_decouvrir_3\/se_decouvrir_3_039.JPG\" width=\"438\" height=\"438\" \/><\/p>\n<h1><\/h1>\n<p>&nbsp;<\/p>\n<h1 style=\"text-align: center;\">&#8211;<\/h1>\n<h1><\/h1>\n<p>&nbsp;<\/p>\n<p style=\"text-align: center;\"><img loading=\"lazy\" decoding=\"async\" class=\"alignnone size-medium colorbox-1667\" src=\"http:\/\/didierlemarchand.net\/4_site_nouveau\/portfolio-N3\/presence_N3\/PF3_se_decouvrir_3\/se_decouvrir_3_043.JPG\" width=\"438\" height=\"438\" \/><\/p>\n<h1><\/h1>\n<p>&nbsp;<\/p>\n<h1 style=\"text-align: center;\">&#8211;<\/h1>\n<h1><\/h1>\n<p>&nbsp;<\/p>\n<p style=\"text-align: center;\"><img loading=\"lazy\" decoding=\"async\" class=\"alignnone size-medium colorbox-1667\" src=\"http:\/\/didierlemarchand.net\/4_site_nouveau\/portfolio-N3\/presence_N3\/PF3_se_decouvrir_3\/se_decouvrir_3_048.JPG\" width=\"438\" height=\"438\" \/><\/p>\n<h1><\/h1>\n<p>&nbsp;<\/p>\n<h1 style=\"text-align: center;\">&#8211;<\/h1>\n<h1><\/h1>\n<p>&nbsp;<\/p>\n<p style=\"text-align: center;\"><img loading=\"lazy\" decoding=\"async\" class=\"alignnone size-medium colorbox-1667\" src=\"http:\/\/didierlemarchand.net\/4_site_nouveau\/portfolio-N3\/presence_N3\/PF3_se_decouvrir_3\/se_decouvrir_3_050.JPG\" width=\"438\" height=\"438\" \/><\/p>\n<h1><\/h1>\n<p>&nbsp;<\/p>\n<h1 style=\"text-align: center;\">&#8211;<\/h1>\n<h1><\/h1>\n<p>&nbsp;<\/p>\n<p style=\"text-align: center;\"><img loading=\"lazy\" decoding=\"async\" class=\"alignnone size-medium colorbox-1667\" src=\"http:\/\/didierlemarchand.net\/4_site_nouveau\/portfolio-N3\/presence_N3\/PF3_se_decouvrir_3\/se_decouvrir_3_053.JPG\" width=\"438\" height=\"438\" \/><\/p>\n<h1><\/h1>\n<p>&nbsp;<\/p>\n<h1 style=\"text-align: center;\">&#8211;<\/h1>\n<h1><\/h1>\n<p>&nbsp;<\/p>\n<p style=\"text-align: center;\"><img loading=\"lazy\" decoding=\"async\" class=\"alignnone size-medium colorbox-1667\" src=\"http:\/\/didierlemarchand.net\/4_site_nouveau\/portfolio-N3\/presence_N3\/PF3_se_decouvrir_3\/se_decouvrir_3_056.JPG\" width=\"438\" height=\"438\" \/><\/p>\n<h1><\/h1>\n<p>&nbsp;<\/p>\n<h1 style=\"text-align: center;\">&#8211;<\/h1>\n<h1><\/h1>\n<p>&nbsp;<\/p>\n<p style=\"text-align: center;\"><img loading=\"lazy\" decoding=\"async\" class=\"alignnone size-medium colorbox-1667\" src=\"http:\/\/didierlemarchand.net\/4_site_nouveau\/portfolio-N3\/presence_N3\/PF3_se_decouvrir_3\/se_decouvrir_3_061.JPG\" width=\"438\" height=\"438\" \/><\/p>\n<h1><\/h1>\n<p>&nbsp;<\/p>\n<h1 style=\"text-align: center;\">&#8211;<\/h1>\n<h1><\/h1>\n<p>&nbsp;<\/p>\n<p style=\"text-align: center;\"><img loading=\"lazy\" decoding=\"async\" class=\"alignnone size-medium colorbox-1667\" src=\"http:\/\/didierlemarchand.net\/4_site_nouveau\/portfolio-N3\/presence_N3\/PF3_se_decouvrir_3\/se_decouvrir_3_063.JPG\" width=\"438\" height=\"438\" \/><\/p>\n<h1><\/h1>\n<p>&nbsp;<\/p>\n<h1 style=\"text-align: center;\">&#8211;<\/h1>\n<h1><\/h1>\n<p>&nbsp;<\/p>\n<p style=\"text-align: center;\"><img loading=\"lazy\" decoding=\"async\" class=\"alignnone size-medium colorbox-1667\" src=\"http:\/\/didierlemarchand.net\/4_site_nouveau\/portfolio-N3\/presence_N3\/PF3_se_decouvrir_3\/se_decouvrir_3_069.JPG\" width=\"438\" height=\"438\" \/><\/p>\n<h1><\/h1>\n<p>&nbsp;<\/p>\n<h1 style=\"text-align: center;\">&#8211;<\/h1>\n<h1><\/h1>\n<p>&nbsp;<\/p>\n<p style=\"text-align: center;\"><img loading=\"lazy\" decoding=\"async\" class=\"alignnone size-medium colorbox-1667\" src=\"http:\/\/didierlemarchand.net\/4_site_nouveau\/portfolio-N3\/presence_N3\/PF3_se_decouvrir_3\/se_decouvrir_3_079.JPG\" width=\"438\" height=\"438\" \/><\/p>\n<h1><\/h1>\n<p>&nbsp;<\/p>\n<h1 style=\"text-align: center;\">&#8211;<\/h1>\n<h1><\/h1>\n<p>&nbsp;<\/p>\n<p style=\"text-align: center;\"><img loading=\"lazy\" decoding=\"async\" class=\"alignnone size-medium colorbox-1667\" src=\"http:\/\/didierlemarchand.net\/4_site_nouveau\/portfolio-N3\/presence_N3\/PF3_se_decouvrir_3\/se_decouvrir_3_087.JPG\" width=\"438\" height=\"438\" \/><\/p>\n<h1><\/h1>\n<p>&nbsp;<\/p>\n<h1 style=\"text-align: center;\">&#8211;<\/h1>\n<h1><\/h1>\n<p>&nbsp;<\/p>\n<p style=\"text-align: center;\"><img loading=\"lazy\" decoding=\"async\" class=\"alignnone size-medium colorbox-1667\" src=\"http:\/\/didierlemarchand.net\/4_site_nouveau\/portfolio-N3\/presence_N3\/PF3_se_decouvrir_3\/se_decouvrir_3_092.JPG\" width=\"438\" height=\"438\" \/><\/p>\n<h1><\/h1>\n<p>&nbsp;<\/p>\n<h1 style=\"text-align: center;\">&#8211;<\/h1>\n<h1><\/h1>\n<p>&nbsp;<\/p>\n<p style=\"text-align: center;\"><img loading=\"lazy\" decoding=\"async\" class=\"alignnone size-medium colorbox-1667\" src=\"http:\/\/didierlemarchand.net\/4_site_nouveau\/portfolio-N3\/presence_N3\/PF3_se_decouvrir_3\/se_decouvrir_3_096.JPG\" width=\"438\" height=\"438\" \/><\/p>\n<h1><\/h1>\n<p>&nbsp;<\/p>\n<h1 style=\"text-align: center;\">&#8211;<\/h1>\n<h1><\/h1>\n<p>&nbsp;<\/p>\n<p style=\"text-align: center;\"><img loading=\"lazy\" decoding=\"async\" class=\"alignnone size-medium colorbox-1667\" src=\"http:\/\/didierlemarchand.net\/4_site_nouveau\/portfolio-N3\/presence_N3\/PF3_se_decouvrir_3\/se_decouvrir_3_098.JPG\" width=\"438\" height=\"438\" \/><\/p>\n<h1><\/h1>\n<p>&nbsp;<\/p>\n<h1 style=\"text-align: center;\">&#8211;<\/h1>\n<h1><\/h1>\n<p>&nbsp;<\/p>\n<p style=\"text-align: center;\"><img loading=\"lazy\" decoding=\"async\" class=\"alignnone size-medium colorbox-1667\" src=\"http:\/\/didierlemarchand.net\/4_site_nouveau\/portfolio-N3\/presence_N3\/PF3_se_decouvrir_3\/se_decouvrir_3_100.JPG\" width=\"438\" height=\"438\" \/><\/p>\n<h1><\/h1>\n<p>&nbsp;<\/p>\n<h1 style=\"text-align: center;\">&#8211;<\/h1>\n<h1><\/h1>\n<p>&nbsp;<\/p>\n<p style=\"text-align: center;\"><img loading=\"lazy\" decoding=\"async\" class=\"alignnone size-medium colorbox-1667\" src=\"http:\/\/didierlemarchand.net\/4_site_nouveau\/portfolio-N3\/presence_N3\/PF3_se_decouvrir_3\/se_decouvrir_3_105.JPG\" width=\"438\" height=\"438\" \/><\/p>\n<h1><\/h1>\n<p>&nbsp;<\/p>\n<h1 style=\"text-align: center;\">&#8211;<\/h1>\n<h1><\/h1>\n<p>&nbsp;<\/p>\n<p style=\"text-align: center;\"><img loading=\"lazy\" decoding=\"async\" class=\"alignnone size-medium colorbox-1667\" src=\"http:\/\/didierlemarchand.net\/4_site_nouveau\/portfolio-N3\/presence_N3\/PF3_se_decouvrir_3\/se_decouvrir_3_107.JPG\" width=\"438\" height=\"438\" \/><\/p>\n<h1><\/h1>\n<p>&nbsp;<\/p>\n<h1 style=\"text-align: center;\">&#8211;<\/h1>\n<h1><\/h1>\n<p>&nbsp;<\/p>\n<p style=\"text-align: center;\"><img loading=\"lazy\" decoding=\"async\" class=\"alignnone size-medium colorbox-1667\" src=\"http:\/\/didierlemarchand.net\/4_site_nouveau\/portfolio-N3\/presence_N3\/PF3_se_decouvrir_3\/se_decouvrir_3_119.JPG\" width=\"438\" height=\"438\" \/><\/p>\n<h1><\/h1>\n<p>&nbsp;<\/p>\n<h1 style=\"text-align: center;\">&#8211;<\/h1>\n<h1><\/h1>\n<p>&nbsp;<\/p>\n<p style=\"text-align: center;\"><img loading=\"lazy\" decoding=\"async\" class=\"alignnone size-medium colorbox-1667\" src=\"http:\/\/didierlemarchand.net\/4_site_nouveau\/portfolio-N3\/presence_N3\/PF3_se_decouvrir_3\/se_decouvrir_3_127.JPG\" width=\"438\" height=\"438\" \/><\/p>\n<h1><\/h1>\n<p>&nbsp;<\/p>\n<h1 style=\"text-align: center;\">&#8211;<\/h1>\n<h1><\/h1>\n<p>&nbsp;<\/p>\n<p style=\"text-align: center;\"><img loading=\"lazy\" decoding=\"async\" class=\"alignnone size-medium colorbox-1667\" src=\"http:\/\/didierlemarchand.net\/4_site_nouveau\/portfolio-N3\/presence_N3\/PF3_se_decouvrir_3\/se_decouvrir_3_128.JPG\" width=\"438\" height=\"438\" \/><\/p>\n<h1><\/h1>\n<p>&nbsp;<\/p>\n<h1 style=\"text-align: center;\">&#8211;<\/h1>\n<h1><\/h1>\n<p>&nbsp;<\/p>\n<p style=\"text-align: center;\"><img loading=\"lazy\" decoding=\"async\" class=\"alignnone size-medium colorbox-1667\" src=\"http:\/\/didierlemarchand.net\/4_site_nouveau\/portfolio-N3\/presence_N3\/PF3_se_decouvrir_3\/se_decouvrir_3_149.JPG\" width=\"438\" height=\"438\" \/><\/p>\n<h1><\/h1>\n<p>&nbsp;<\/p>\n<h1 style=\"text-align: center;\">&#8211;<\/h1>\n<h1><\/h1>\n<p>&nbsp;<\/p>\n<p style=\"text-align: center;\"><img loading=\"lazy\" decoding=\"async\" class=\"alignnone size-medium colorbox-1667\" src=\"http:\/\/didierlemarchand.net\/4_site_nouveau\/portfolio-N3\/presence_N3\/PF3_se_decouvrir_3\/se_decouvrir_3_155.JPG\" width=\"438\" height=\"438\" \/><\/p>\n<h1><\/h1>\n<p>&nbsp;<\/p>\n<h1 style=\"text-align: center;\">&#8211;<\/h1>\n<h1><\/h1>\n<p>&nbsp;<\/p>\n<p style=\"text-align: center;\"><img loading=\"lazy\" decoding=\"async\" class=\"alignnone size-medium colorbox-1667\" src=\"http:\/\/didierlemarchand.net\/4_site_nouveau\/portfolio-N3\/presence_N3\/PF3_se_decouvrir_3\/se_decouvrir_3_159.JPG\" width=\"438\" height=\"438\" \/><\/p>\n<h1><\/h1>\n<p>&nbsp;<\/p>\n<h1 style=\"text-align: center;\">&#8211;<\/h1>\n<h1><\/h1>\n<p>&nbsp;<\/p>\n<p style=\"text-align: center;\"><img loading=\"lazy\" decoding=\"async\" class=\"alignnone size-medium colorbox-1667\" src=\"http:\/\/didierlemarchand.net\/4_site_nouveau\/portfolio-N3\/presence_N3\/PF3_se_decouvrir_3\/se_decouvrir_3_164.JPG\" width=\"438\" height=\"438\" \/><\/p>\n<h1><\/h1>\n<p>&nbsp;<\/p>\n<h1 style=\"text-align: center;\">&#8211;<\/h1>\n<h1><\/h1>\n<p>&nbsp;<\/p>\n<p style=\"text-align: center;\"><img loading=\"lazy\" decoding=\"async\" class=\"alignnone size-medium colorbox-1667\" src=\"http:\/\/didierlemarchand.net\/4_site_nouveau\/portfolio-N3\/presence_N3\/PF3_se_decouvrir_3\/se_decouvrir_3_166.JPG\" width=\"438\" height=\"438\" \/><\/p>\n<h1><\/h1>\n<p>&nbsp;<\/p>\n<h1 style=\"text-align: center;\">&#8211;<\/h1>\n<h1><\/h1>\n<p>&nbsp;<\/p>\n<p style=\"text-align: center;\"><img loading=\"lazy\" decoding=\"async\" class=\"alignnone size-medium colorbox-1667\" src=\"http:\/\/didierlemarchand.net\/4_site_nouveau\/portfolio-N3\/presence_N3\/PF3_se_decouvrir_3\/se_decouvrir_3_171.JPG\" width=\"438\" height=\"438\" \/><\/p>\n<h1><\/h1>\n<p>&nbsp;<\/p>\n<h1 style=\"text-align: center;\">&#8211;<\/h1>\n<h1><\/h1>\n<p>&nbsp;<\/p>\n<p style=\"text-align: center;\"><img loading=\"lazy\" decoding=\"async\" class=\"alignnone size-medium colorbox-1667\" src=\"http:\/\/didierlemarchand.net\/4_site_nouveau\/portfolio-N3\/presence_N3\/PF3_se_decouvrir_3\/se_decouvrir_3_175.JPG\" width=\"438\" height=\"438\" \/><\/p>\n<h1><\/h1>\n<p>&nbsp;<\/p>\n<h1 style=\"text-align: center;\">&#8211;<\/h1>\n<h1><\/h1>\n<p>&nbsp;<\/p>\n<p style=\"text-align: center;\"><img loading=\"lazy\" decoding=\"async\" class=\"alignnone size-medium colorbox-1667\" src=\"http:\/\/didierlemarchand.net\/4_site_nouveau\/portfolio-N3\/presence_N3\/PF3_se_decouvrir_3\/se_decouvrir_3_178.JPG\" width=\"438\" height=\"438\" \/><\/p>\n<h1><\/h1>\n<p>&nbsp;<\/p>\n<h1 style=\"text-align: center;\">&#8211;<\/h1>\n<h1><\/h1>\n<p>&nbsp;<\/p>\n<p style=\"text-align: center;\"><img loading=\"lazy\" decoding=\"async\" class=\"alignnone size-medium colorbox-1667\" src=\"http:\/\/didierlemarchand.net\/4_site_nouveau\/portfolio-N3\/presence_N3\/PF3_se_decouvrir_3\/se_decouvrir_3_183.JPG\" width=\"438\" height=\"438\" \/><\/p>\n<h1><\/h1>\n<p>&nbsp;<\/p>\n<h1 style=\"text-align: center;\">&#8211;<\/h1>\n<h1><\/h1>\n<p>&nbsp;<\/p>\n<p style=\"text-align: center;\"><img loading=\"lazy\" decoding=\"async\" class=\"alignnone size-medium colorbox-1667\" src=\"http:\/\/didierlemarchand.net\/4_site_nouveau\/portfolio-N3\/presence_N3\/PF3_se_decouvrir_3\/se_decouvrir_3_199.JPG\" width=\"438\" height=\"438\" \/><\/p>\n<h1><\/h1>\n<p>&nbsp;<\/p>\n<h1 style=\"text-align: center;\">&#8211;<\/h1>\n<h1><\/h1>\n<p>&nbsp;<\/p>\n<p style=\"text-align: center;\"><img loading=\"lazy\" decoding=\"async\" class=\"alignnone size-medium colorbox-1667\" src=\"http:\/\/didierlemarchand.net\/4_site_nouveau\/portfolio-N3\/presence_N3\/PF3_se_decouvrir_3\/se_decouvrir_3_200.JPG\" width=\"438\" height=\"438\" \/><\/p>\n<h1><\/h1>\n<p>&nbsp;<\/p>\n<h1 style=\"text-align: center;\">&#8211;<\/h1>\n<h1><\/h1>\n<p>&nbsp;<\/p>\n<p style=\"text-align: center;\"><img loading=\"lazy\" decoding=\"async\" class=\"alignnone size-medium colorbox-1667\" src=\"http:\/\/didierlemarchand.net\/4_site_nouveau\/portfolio-N3\/presence_N3\/PF3_se_decouvrir_3\/se_decouvrir_3_204.JPG\" width=\"438\" height=\"438\" \/><\/p>\n<h1><\/h1>\n<p>&nbsp;<\/p>\n<h1 style=\"text-align: center;\">&#8211;<\/h1>\n<h1><\/h1>\n<p>&nbsp;<\/p>\n<p style=\"text-align: center;\"><img loading=\"lazy\" decoding=\"async\" class=\"alignnone size-medium colorbox-1667\" src=\"http:\/\/didierlemarchand.net\/4_site_nouveau\/portfolio-N3\/presence_N3\/PF3_se_decouvrir_3\/se_decouvrir_3_210.JPG\" width=\"438\" height=\"438\" \/><\/p>\n<h1><\/h1>\n<p>&nbsp;<\/p>\n<h1 style=\"text-align: center;\">&#8211;<\/h1>\n<h1><\/h1>\n<p>&nbsp;<\/p>\n<p style=\"text-align: center;\"><img loading=\"lazy\" decoding=\"async\" class=\"alignnone size-medium colorbox-1667\" src=\"http:\/\/didierlemarchand.net\/4_site_nouveau\/portfolio-N3\/presence_N3\/PF3_se_decouvrir_3\/se_decouvrir_3_212.JPG\" width=\"438\" height=\"438\" \/><\/p>\n<h1><\/h1>\n<p>&nbsp;<\/p>\n<h1 style=\"text-align: center;\">&#8211;<\/h1>\n<h1><\/h1>\n<p>&nbsp;<\/p>\n<p style=\"text-align: center;\"><img loading=\"lazy\" decoding=\"async\" class=\"alignnone size-medium colorbox-1667\" src=\"http:\/\/didierlemarchand.net\/4_site_nouveau\/portfolio-N3\/presence_N3\/PF3_se_decouvrir_3\/se_decouvrir_3_216.JPG\" width=\"438\" height=\"438\" \/><\/p>\n<h1><\/h1>\n<p>&nbsp;<\/p>\n<h1 style=\"text-align: center;\">&#8211;<\/h1>\n<h1><\/h1>\n<p>&nbsp;<\/p>\n<p style=\"text-align: center;\"><img loading=\"lazy\" decoding=\"async\" class=\"alignnone size-medium colorbox-1667\" src=\"http:\/\/didierlemarchand.net\/4_site_nouveau\/portfolio-N3\/presence_N3\/PF3_se_decouvrir_3\/se_decouvrir_3_220.JPG\" width=\"438\" height=\"438\" \/><\/p>\n<h1><\/h1>\n<p>&nbsp;<\/p>\n<h1 style=\"text-align: center;\">&#8211;<\/h1>\n<h1><\/h1>\n<p>&nbsp;<\/p>\n<p style=\"text-align: center;\"><img loading=\"lazy\" decoding=\"async\" class=\"alignnone size-medium colorbox-1667\" src=\"http:\/\/didierlemarchand.net\/4_site_nouveau\/portfolio-N3\/presence_N3\/PF3_se_decouvrir_3\/se_decouvrir_3_226.JPG\" width=\"438\" height=\"438\" \/><\/p>\n<h1><\/h1>\n<h1 style=\"text-align: center;\">&#8211;<\/h1>\n<p><strong>Autoportraits plus ou moins d\u00e9sir\u00e9s.<\/strong><\/p>\n<p>Les selfies m\u2019insupportent. Cela pour plusieurs raisons :<\/p>\n<ul>\n<li>leurs auteurs polluent mon champ visuel,<\/li>\n<li>ils s&rsquo;obligent \u00e0 pr\u00e9senter d&rsquo;eux-m\u00eames une image frelat\u00e9e du bonheur : poses \u00ab cool \u00bb ou \u00ab fun \u00bb bien que st\u00e9r\u00e9otyp\u00e9es, sourire oblig\u00e9,<\/li>\n<li>ils tiennent \u00e0 marquer leur pr\u00e9sence dans une posture de domination : ils posent devant un monument, une peinture, auxquels souvent ils n&rsquo;ont jet\u00e9 qu&rsquo;un coup d\u2019\u0153il , leur personne en gros plan, le reste rel\u00e9gu\u00e9 \u00e0 l&rsquo;arri\u00e8re-plan<\/li>\n<\/ul>\n<p>Cette s\u00e9rie est en sorte une r\u00e9action \u00e0 cette approche de l\u2019autoportrait.<br \/>\nIl s&rsquo;agit :<\/p>\n<ul>\n<li>non pas d&rsquo;affirmer d&rsquo;une mani\u00e8re univoque, ce que l&rsquo;on croit \u00eatre sa personnalit\u00e9, mais de chercher \u00e0 la d\u00e9finir, \u00e0 la comprendre, \u00e0 d\u00e9couvrir des facettes discordantes qui vont se r\u00e9v\u00e9ler au gr\u00e9 des circonstances<\/li>\n<li>non pas de s&rsquo;imposer dans un espace, mais de s&rsquo;y int\u00e9grer, de fusionner avec un environnement pour, d&rsquo;une certaine fa\u00e7on, d\u00e9passer une vision anthropocentrique et perturber l&rsquo;id\u00e9e que l&rsquo;on se fait de sa propre enveloppe corporelle, celle qui marquerait une limite entre monde ext\u00e9rieur et monde int\u00e9rieur<\/li>\n<\/ul>\n<p>&nbsp;<\/p>\n<p style=\"padding-left: 30px;\"><em>\u00ab\u00a0Je tiens debout t\u00eate et jambes, \u00e7a je le sais<\/em><\/p>\n<p style=\"padding-left: 30px;\"><em>En un flux perp\u00e9tuel convergent vers moi les objets de l&rsquo;univers,<\/em><\/p>\n<p style=\"padding-left: 30px;\"><em>Tous \u00e9crits \u00e0 mon nom, seule me reste \u00e0 comprendre l&rsquo;\u00e9criture.\u00a0\u00bb<\/em><\/p>\n<p style=\"padding-left: 30px;\">Walt Whitman, Feuilles d&rsquo;herbe \u2013 trad. jacques Darras<\/p>\n","protected":false},"excerpt":{"rendered":"<p>s\u00e9rie commenc\u00e9e en 2012 \u2013 30 x 30 cm \u2013 impression pigmentaire dossier de pr\u00e9sentation t\u00e9l\u00e9chargeable &#8211; &nbsp; &#8211; &nbsp; <span class=\"ellipsis\">&hellip;<\/span> <span class=\"more-link-wrap\"><a href=\"https:\/\/didierlemarchand.net\/site\/portfolio-2\/presence\/se-decouvrir-3\/\" class=\"more-link\"><span>Continue Reading &rarr;<\/span><\/a><\/span><\/p>\n","protected":false},"author":2,"featured_media":0,"parent":1313,"menu_order":168,"comment_status":"closed","ping_status":"closed","template":"","meta":{"_seopress_robots_primary_cat":"","_seopress_titles_title":"","_seopress_titles_desc":"","_seopress_robots_index":"","footnotes":""},"_links":{"self":[{"href":"https:\/\/didierlemarchand.net\/site\/wp-json\/wp\/v2\/pages\/1667"}],"collection":[{"href":"https:\/\/didierlemarchand.net\/site\/wp-json\/wp\/v2\/pages"}],"about":[{"href":"https:\/\/didierlemarchand.net\/site\/wp-json\/wp\/v2\/types\/page"}],"author":[{"embeddable":true,"href":"https:\/\/didierlemarchand.net\/site\/wp-json\/wp\/v2\/users\/2"}],"replies":[{"embeddable":true,"href":"https:\/\/didierlemarchand.net\/site\/wp-json\/wp\/v2\/comments?post=1667"}],"version-history":[{"count":12,"href":"https:\/\/didierlemarchand.net\/site\/wp-json\/wp\/v2\/pages\/1667\/revisions"}],"predecessor-version":[{"id":2345,"href":"https:\/\/didierlemarchand.net\/site\/wp-json\/wp\/v2\/pages\/1667\/revisions\/2345"}],"up":[{"embeddable":true,"href":"https:\/\/didierlemarchand.net\/site\/wp-json\/wp\/v2\/pages\/1313"}],"wp:attachment":[{"href":"https:\/\/didierlemarchand.net\/site\/wp-json\/wp\/v2\/media?parent=1667"}],"curies":[{"name":"wp","href":"https:\/\/api.w.org\/{rel}","templated":true}]}}