{"id":1663,"date":"2018-01-20T19:06:57","date_gmt":"2018-01-20T18:06:57","guid":{"rendered":"http:\/\/didierlemarchand.net\/site\/portfolio-2\/presence\/chimere\/"},"modified":"2018-02-15T10:37:18","modified_gmt":"2018-02-15T09:37:18","slug":"chimere","status":"publish","type":"page","link":"https:\/\/didierlemarchand.net\/site\/portfolio-2\/presence\/chimere\/","title":{"rendered":"chim\u00e8re"},"content":{"rendered":"<p style=\"text-align: center;\">2009 \u2013 s\u00e9rie en cours \u2013 24 x 24 cm \u2013 impression pigmentaire<\/p>\n<p style=\"text-align: center;\"><a href=\"http:\/\/didierlemarchand.net\/4_site_nouveau\/dossiers_telechargeables\/D_Lemarchand_chimere.pdf\" target=\"_blank\" rel=\"noopener\">dossier de pr\u00e9sentation t\u00e9l\u00e9chargeable<\/a><\/p>\n<h1 style=\"text-align: center;\">&#8211;<\/h1>\n<p style=\"text-align: center;\"><img loading=\"lazy\" decoding=\"async\" class=\"alignnone size-medium colorbox-1663\" src=\"http:\/\/didierlemarchand.net\/4_site_nouveau\/portfolio-N3\/presence_N3\/PF3_chimere\/chimere_001.JPG\" width=\"438\" height=\"438\" \/><\/p>\n<h1><\/h1>\n<p>&nbsp;<\/p>\n<h1 style=\"text-align: center;\">&#8211;<\/h1>\n<h1><\/h1>\n<p>&nbsp;<\/p>\n<p style=\"text-align: center;\"><img loading=\"lazy\" decoding=\"async\" class=\"alignnone size-medium colorbox-1663\" src=\"http:\/\/didierlemarchand.net\/4_site_nouveau\/portfolio-N3\/presence_N3\/PF3_chimere\/chimere_002.JPG\" width=\"438\" height=\"438\" \/><\/p>\n<h1><\/h1>\n<p>&nbsp;<\/p>\n<h1 style=\"text-align: center;\">&#8211;<\/h1>\n<h1><\/h1>\n<p>&nbsp;<\/p>\n<p style=\"text-align: center;\"><img loading=\"lazy\" decoding=\"async\" class=\"alignnone size-medium colorbox-1663\" src=\"http:\/\/didierlemarchand.net\/4_site_nouveau\/portfolio-N3\/presence_N3\/PF3_chimere\/chimere_005.JPG\" width=\"438\" height=\"438\" \/><\/p>\n<h1><\/h1>\n<p>&nbsp;<\/p>\n<h1 style=\"text-align: center;\">&#8211;<\/h1>\n<h1><\/h1>\n<p>&nbsp;<\/p>\n<p style=\"text-align: center;\"><img loading=\"lazy\" decoding=\"async\" class=\"alignnone size-medium colorbox-1663\" src=\"http:\/\/didierlemarchand.net\/4_site_nouveau\/portfolio-N3\/presence_N3\/PF3_chimere\/chimere_009.JPG\" width=\"438\" height=\"438\" \/><\/p>\n<h1><\/h1>\n<p>&nbsp;<\/p>\n<h1 style=\"text-align: center;\">&#8211;<\/h1>\n<h1><\/h1>\n<p>&nbsp;<\/p>\n<p style=\"text-align: center;\"><img loading=\"lazy\" decoding=\"async\" class=\"alignnone size-medium colorbox-1663\" src=\"http:\/\/didierlemarchand.net\/4_site_nouveau\/portfolio-N3\/presence_N3\/PF3_chimere\/chimere_010.JPG\" width=\"438\" height=\"438\" \/><\/p>\n<h1><\/h1>\n<p>&nbsp;<\/p>\n<h1 style=\"text-align: center;\">&#8211;<\/h1>\n<h1><\/h1>\n<p>&nbsp;<\/p>\n<p style=\"text-align: center;\"><img loading=\"lazy\" decoding=\"async\" class=\"alignnone size-medium colorbox-1663\" src=\"http:\/\/didierlemarchand.net\/4_site_nouveau\/portfolio-N3\/presence_N3\/PF3_chimere\/chimere_012.JPG\" width=\"438\" height=\"438\" \/><\/p>\n<h1><\/h1>\n<p>&nbsp;<\/p>\n<h1 style=\"text-align: center;\">&#8211;<\/h1>\n<h1><\/h1>\n<p>&nbsp;<\/p>\n<p style=\"text-align: center;\"><img loading=\"lazy\" decoding=\"async\" class=\"alignnone size-medium colorbox-1663\" src=\"http:\/\/didierlemarchand.net\/4_site_nouveau\/portfolio-N3\/presence_N3\/PF3_chimere\/chimere_013.JPG\" width=\"438\" height=\"438\" \/><\/p>\n<h1><\/h1>\n<p>&nbsp;<\/p>\n<h1 style=\"text-align: center;\">&#8211;<\/h1>\n<h1><\/h1>\n<p>&nbsp;<\/p>\n<p style=\"text-align: center;\"><img loading=\"lazy\" decoding=\"async\" class=\"alignnone size-medium colorbox-1663\" src=\"http:\/\/didierlemarchand.net\/4_site_nouveau\/portfolio-N3\/presence_N3\/PF3_chimere\/chimere_019.JPG\" width=\"438\" height=\"438\" \/><\/p>\n<h1><\/h1>\n<p>&nbsp;<\/p>\n<h1 style=\"text-align: center;\">&#8211;<\/h1>\n<h1><\/h1>\n<p>&nbsp;<\/p>\n<p style=\"text-align: center;\"><img loading=\"lazy\" decoding=\"async\" class=\"alignnone size-medium colorbox-1663\" src=\"http:\/\/didierlemarchand.net\/4_site_nouveau\/portfolio-N3\/presence_N3\/PF3_chimere\/chimere_020.JPG\" width=\"438\" height=\"438\" \/><\/p>\n<h1><\/h1>\n<p>&nbsp;<\/p>\n<h1 style=\"text-align: center;\">&#8211;<\/h1>\n<h1><\/h1>\n<p>&nbsp;<\/p>\n<p style=\"text-align: center;\"><img loading=\"lazy\" decoding=\"async\" class=\"alignnone size-medium colorbox-1663\" src=\"http:\/\/didierlemarchand.net\/4_site_nouveau\/portfolio-N3\/presence_N3\/PF3_chimere\/chimere_023.JPG\" width=\"438\" height=\"438\" \/><\/p>\n<h1><\/h1>\n<p>&nbsp;<\/p>\n<h1 style=\"text-align: center;\">&#8211;<\/h1>\n<h1><\/h1>\n<p>&nbsp;<\/p>\n<p style=\"text-align: center;\"><img loading=\"lazy\" decoding=\"async\" class=\"alignnone size-medium colorbox-1663\" src=\"http:\/\/didierlemarchand.net\/4_site_nouveau\/portfolio-N3\/presence_N3\/PF3_chimere\/chimere_026.JPG\" width=\"438\" height=\"438\" \/><\/p>\n<h1><\/h1>\n<p>&nbsp;<\/p>\n<h1 style=\"text-align: center;\">&#8211;<\/h1>\n<h1><\/h1>\n<p>&nbsp;<\/p>\n<p style=\"text-align: center;\"><img loading=\"lazy\" decoding=\"async\" class=\"alignnone size-medium colorbox-1663\" src=\"http:\/\/didierlemarchand.net\/4_site_nouveau\/portfolio-N3\/presence_N3\/PF3_chimere\/chimere_028.JPG\" width=\"438\" height=\"438\" \/><\/p>\n<h1><\/h1>\n<p>&nbsp;<\/p>\n<h1 style=\"text-align: center;\">&#8211;<\/h1>\n<h1><\/h1>\n<p>&nbsp;<\/p>\n<p style=\"text-align: center;\"><img loading=\"lazy\" decoding=\"async\" class=\"alignnone size-medium colorbox-1663\" src=\"http:\/\/didierlemarchand.net\/4_site_nouveau\/portfolio-N3\/presence_N3\/PF3_chimere\/chimere_034.JPG\" width=\"438\" height=\"438\" \/><\/p>\n<h1><\/h1>\n<p>&nbsp;<\/p>\n<h1 style=\"text-align: center;\">&#8211;<\/h1>\n<h1><\/h1>\n<p>&nbsp;<\/p>\n<p style=\"text-align: center;\"><img loading=\"lazy\" decoding=\"async\" class=\"alignnone size-medium colorbox-1663\" src=\"http:\/\/didierlemarchand.net\/4_site_nouveau\/portfolio-N3\/presence_N3\/PF3_chimere\/chimere_053.JPG\" width=\"438\" height=\"438\" \/><\/p>\n<h1><\/h1>\n<p>&nbsp;<\/p>\n<h1 style=\"text-align: center;\">&#8211;<\/h1>\n<h1 style=\"text-align: center;\"><\/h1>\n<p><em>[\u2026]<\/em><br \/>\n<em>\u00ab\u00a0Tout est sensible ! \u00a0\u00bb &#8211; Et tout sur ton \u00eatre est puissant !<\/em><\/p>\n<p><em>Crains dans le mur aveugle un regard qui t&rsquo;\u00e9pie<\/em><br \/>\n<em>A la mati\u00e8re m\u00eame un verbe est attach\u00e9 &#8230;<\/em><br \/>\n<em>Ne la fais pas servir \u00e0 quelque usage impie !<\/em><\/p>\n<p><em>Souvent dans l&rsquo;\u00eatre obscur habite un Dieu cach\u00e9 ;<\/em><br \/>\n<em>Et comme un oeil naissant couvert par ses paupi\u00e8res,<\/em><br \/>\n<em>Un pur esprit s&rsquo;accro\u00eet sous l&rsquo;\u00e9corce des pierres !<\/em><\/p>\n<p>Nerval &#8211; Vers dor\u00e9s, Les Chim\u00e8res<\/p>\n<p>Il m&rsquo;arrive de photographier des murs l\u00e9preux en vue d&rsquo;un travail sur les vanit\u00e9s. En observant de plus pr\u00e8s les clich\u00e9s sur un grand \u00e9cran, des d\u00e9tails auxquels je n&rsquo;ai pas pr\u00eat\u00e9 attention \u00e0 la prise de vue se r\u00e9v\u00e8lent\u00a0: \u00ab\u00a0des batailles et des figures aux gestes vifs et d\u2019\u00e9tranges visages et costumes et une infinit\u00e9 de choses.\u00a0\u00bb comme en parle L\u00e9onard de Vinci dans son trait\u00e9 de la peinture.<br \/>\nSensibilis\u00e9 \u00e0 ce ph\u00e9nom\u00e8ne, mes capteurs personnels sont dor\u00e9navant mis en alerte \u00e0 la vue d&rsquo;une tache vague et ind\u00e9termin\u00e9e sur un mur. Cela ne signifie pas que je pars pas \u00e0 la chasse aux taches. Ce sont elles qui, subrepticement, au cours de p\u00e9r\u00e9grinations, s&rsquo;imposent \u00e0 moi.<br \/>\nAvec le recul, je constate que celles qui retiennent mon attention restent souvent peu identifiables mais semblent s&rsquo;adresser \u00e0 moi d&rsquo;une mani\u00e8re amus\u00e9e, narquoise, mena\u00e7ante&#8230; Pr\u00e9sence sans r\u00e9elle consistance, tant\u00f4t gnome, tant\u00f4t lutin.<br \/>\nExp\u00e9rience trouble qui ressemble \u00e0 une forme de projection personnelle sans l&rsquo;\u00eatre compl\u00e8tement car quiconque serait pass\u00e9 l\u00e0 aurait pu mat\u00e9riellement prendre le m\u00eame clich\u00e9. Mais en aurait-il vu l&rsquo;opportunit\u00e9, en aurait-il ressenti la n\u00e9cessit\u00e9\u00a0?<br \/>\nNous sommes tous \u00e0 la poursuite de nos propres chim\u00e8res.<\/p>\n<p>Il ne faudrait pas associer cette exp\u00e9rience \u00e0 ce que les psychologues nomment par\u00e9idolie, \u00e0 savoir\u00a0: le cerveau face \u00e0 des formes al\u00e9atoires cr\u00e9e du sens en les assimilant \u00e0 des formes r\u00e9f\u00e9renc\u00e9es. Ici les formes vues ne sont ni pr\u00e9alablement connues ni r\u00e9pertori\u00e9es. La par\u00e9idolie rassure, ram\u00e8ne en un territoire connu. Les chim\u00e8res \u00e0 l&rsquo;inverse ne sont que surprise, saisissement.<\/p>\n","protected":false},"excerpt":{"rendered":"<p>2009 \u2013 s\u00e9rie en cours \u2013 24 x 24 cm \u2013 impression pigmentaire dossier de pr\u00e9sentation t\u00e9l\u00e9chargeable &#8211; &nbsp; &#8211; <span class=\"ellipsis\">&hellip;<\/span> <span class=\"more-link-wrap\"><a href=\"https:\/\/didierlemarchand.net\/site\/portfolio-2\/presence\/chimere\/\" class=\"more-link\"><span>Continue Reading &rarr;<\/span><\/a><\/span><\/p>\n","protected":false},"author":2,"featured_media":0,"parent":1313,"menu_order":72,"comment_status":"closed","ping_status":"closed","template":"","meta":{"_seopress_robots_primary_cat":"","_seopress_titles_title":"","_seopress_titles_desc":"","_seopress_robots_index":"","footnotes":""},"_links":{"self":[{"href":"https:\/\/didierlemarchand.net\/site\/wp-json\/wp\/v2\/pages\/1663"}],"collection":[{"href":"https:\/\/didierlemarchand.net\/site\/wp-json\/wp\/v2\/pages"}],"about":[{"href":"https:\/\/didierlemarchand.net\/site\/wp-json\/wp\/v2\/types\/page"}],"author":[{"embeddable":true,"href":"https:\/\/didierlemarchand.net\/site\/wp-json\/wp\/v2\/users\/2"}],"replies":[{"embeddable":true,"href":"https:\/\/didierlemarchand.net\/site\/wp-json\/wp\/v2\/comments?post=1663"}],"version-history":[{"count":9,"href":"https:\/\/didierlemarchand.net\/site\/wp-json\/wp\/v2\/pages\/1663\/revisions"}],"predecessor-version":[{"id":2137,"href":"https:\/\/didierlemarchand.net\/site\/wp-json\/wp\/v2\/pages\/1663\/revisions\/2137"}],"up":[{"embeddable":true,"href":"https:\/\/didierlemarchand.net\/site\/wp-json\/wp\/v2\/pages\/1313"}],"wp:attachment":[{"href":"https:\/\/didierlemarchand.net\/site\/wp-json\/wp\/v2\/media?parent=1663"}],"curies":[{"name":"wp","href":"https:\/\/api.w.org\/{rel}","templated":true}]}}