{"id":1658,"date":"2018-01-20T19:05:49","date_gmt":"2018-01-20T18:05:49","guid":{"rendered":"http:\/\/didierlemarchand.net\/site\/?page_id=1658"},"modified":"2018-02-28T10:17:18","modified_gmt":"2018-02-28T09:17:18","slug":"bestiaire-3","status":"publish","type":"page","link":"https:\/\/didierlemarchand.net\/site\/portfolio-2\/presence\/bestiaire-3\/","title":{"rendered":"bestiaire 3"},"content":{"rendered":"<p style=\"text-align: center;\">2001 \u2013 s\u00e9rie en cours \u2013 24 x 24 cm \u2013 impression pigmentaire<\/p>\n<p style=\"text-align: center;\"><a href=\"http:\/\/didierlemarchand.net\/4_site_nouveau\/dossiers_telechargeables\/D_Lemarchand_bestiaire_3.pdf\" target=\"_blank\" rel=\"noopener\">dossier de pr\u00e9sentation t\u00e9l\u00e9chargeable<\/a><\/p>\n<h1 style=\"text-align: center;\">&#8211;<\/h1>\n<p style=\"text-align: center;\"><img loading=\"lazy\" decoding=\"async\" class=\"alignnone size-medium colorbox-1658\" src=\"http:\/\/www.didierlemarchand.net\/4_site_nouveau\/portfolio-N3\/presence_N3\/PF3_bestiaire_3\/bestiaire_3_002.JPG\" width=\"438\" height=\"438\" \/><\/p>\n<h1><\/h1>\n<p>&nbsp;<\/p>\n<h1 style=\"text-align: center;\">&#8211;<\/h1>\n<h1><\/h1>\n<p>&nbsp;<\/p>\n<p style=\"text-align: center;\"><img loading=\"lazy\" decoding=\"async\" class=\"alignnone size-medium colorbox-1658\" src=\"http:\/\/www.didierlemarchand.net\/4_site_nouveau\/portfolio-N3\/presence_N3\/PF3_bestiaire_3\/bestiaire_3_004.JPG\" width=\"438\" height=\"438\" \/><\/p>\n<h1><\/h1>\n<p>&nbsp;<\/p>\n<h1 style=\"text-align: center;\">&#8211;<\/h1>\n<h1><\/h1>\n<p>&nbsp;<\/p>\n<p style=\"text-align: center;\"><img loading=\"lazy\" decoding=\"async\" class=\"alignnone size-medium colorbox-1658\" src=\"http:\/\/www.didierlemarchand.net\/4_site_nouveau\/portfolio-N3\/presence_N3\/PF3_bestiaire_3\/bestiaire_3_006.JPG\" width=\"438\" height=\"438\" \/><\/p>\n<h1><\/h1>\n<p>&nbsp;<\/p>\n<h1 style=\"text-align: center;\">&#8211;<\/h1>\n<h1><\/h1>\n<p>&nbsp;<\/p>\n<p style=\"text-align: center;\"><img loading=\"lazy\" decoding=\"async\" class=\"alignnone size-medium colorbox-1658\" src=\"http:\/\/www.didierlemarchand.net\/4_site_nouveau\/portfolio-N3\/presence_N3\/PF3_bestiaire_3\/bestiaire_3_007.JPG\" width=\"438\" height=\"438\" \/><\/p>\n<h1><\/h1>\n<p>&nbsp;<\/p>\n<h1 style=\"text-align: center;\">&#8211;<\/h1>\n<h1><\/h1>\n<p>&nbsp;<\/p>\n<p style=\"text-align: center;\"><img loading=\"lazy\" decoding=\"async\" class=\"alignnone size-medium colorbox-1658\" src=\"http:\/\/www.didierlemarchand.net\/4_site_nouveau\/portfolio-N3\/presence_N3\/PF3_bestiaire_3\/bestiaire_3_008.JPG\" width=\"438\" height=\"438\" \/><\/p>\n<h1><\/h1>\n<p>&nbsp;<\/p>\n<h1 style=\"text-align: center;\">&#8211;<\/h1>\n<h1><\/h1>\n<p>&nbsp;<\/p>\n<p style=\"text-align: center;\"><img loading=\"lazy\" decoding=\"async\" class=\"alignnone size-medium colorbox-1658\" src=\"http:\/\/www.didierlemarchand.net\/4_site_nouveau\/portfolio-N3\/presence_N3\/PF3_bestiaire_3\/bestiaire_3_011.JPG\" width=\"438\" height=\"438\" \/><\/p>\n<h1><\/h1>\n<p>&nbsp;<\/p>\n<h1 style=\"text-align: center;\">&#8211;<\/h1>\n<h1><\/h1>\n<p>&nbsp;<\/p>\n<p style=\"text-align: center;\"><img loading=\"lazy\" decoding=\"async\" class=\"alignnone size-medium colorbox-1658\" src=\"http:\/\/www.didierlemarchand.net\/4_site_nouveau\/portfolio-N3\/presence_N3\/PF3_bestiaire_3\/bestiaire_3_012.JPG\" width=\"438\" height=\"438\" \/><\/p>\n<h1><\/h1>\n<p>&nbsp;<\/p>\n<h1 style=\"text-align: center;\">&#8211;<\/h1>\n<h1><\/h1>\n<p>&nbsp;<\/p>\n<p style=\"text-align: center;\"><img loading=\"lazy\" decoding=\"async\" class=\"alignnone size-medium colorbox-1658\" src=\"http:\/\/www.didierlemarchand.net\/4_site_nouveau\/portfolio-N3\/presence_N3\/PF3_bestiaire_3\/bestiaire_3_016.JPG\" width=\"438\" height=\"438\" \/><\/p>\n<h1><\/h1>\n<p>&nbsp;<\/p>\n<h1 style=\"text-align: center;\">&#8211;<\/h1>\n<h1><\/h1>\n<p>&nbsp;<\/p>\n<p style=\"text-align: center;\"><img loading=\"lazy\" decoding=\"async\" class=\"alignnone size-medium colorbox-1658\" src=\"http:\/\/www.didierlemarchand.net\/4_site_nouveau\/portfolio-N3\/presence_N3\/PF3_bestiaire_3\/bestiaire_3_018.JPG\" width=\"438\" height=\"438\" \/><\/p>\n<h1><\/h1>\n<p>&nbsp;<\/p>\n<h1 style=\"text-align: center;\">&#8211;<\/h1>\n<h1><\/h1>\n<p>&nbsp;<\/p>\n<p style=\"text-align: center;\"><img loading=\"lazy\" decoding=\"async\" class=\"alignnone size-medium colorbox-1658\" src=\"http:\/\/www.didierlemarchand.net\/4_site_nouveau\/portfolio-N3\/presence_N3\/PF3_bestiaire_3\/bestiaire_3_019.JPG\" width=\"438\" height=\"438\" \/><\/p>\n<h1><\/h1>\n<p>&nbsp;<\/p>\n<h1 style=\"text-align: center;\">&#8211;<\/h1>\n<h1><\/h1>\n<p>&nbsp;<\/p>\n<p style=\"text-align: center;\"><img loading=\"lazy\" decoding=\"async\" class=\"alignnone size-medium colorbox-1658\" src=\"http:\/\/www.didierlemarchand.net\/4_site_nouveau\/portfolio-N3\/presence_N3\/PF3_bestiaire_3\/bestiaire_3_023.JPG\" width=\"438\" height=\"438\" \/><\/p>\n<h1><\/h1>\n<p>&nbsp;<\/p>\n<h1 style=\"text-align: center;\">&#8211;<\/h1>\n<h1><\/h1>\n<p>&nbsp;<\/p>\n<p style=\"text-align: center;\"><img loading=\"lazy\" decoding=\"async\" class=\"alignnone size-medium colorbox-1658\" src=\"http:\/\/www.didierlemarchand.net\/4_site_nouveau\/portfolio-N3\/presence_N3\/PF3_bestiaire_3\/bestiaire_3_026.JPG\" width=\"438\" height=\"438\" \/><\/p>\n<h1><\/h1>\n<p>&nbsp;<\/p>\n<h1 style=\"text-align: center;\">&#8211;<\/h1>\n<h1><\/h1>\n<p>&nbsp;<\/p>\n<p style=\"text-align: center;\"><img loading=\"lazy\" decoding=\"async\" class=\"alignnone size-medium colorbox-1658\" src=\"http:\/\/www.didierlemarchand.net\/4_site_nouveau\/portfolio-N3\/presence_N3\/PF3_bestiaire_3\/bestiaire_3_027.JPG\" width=\"438\" height=\"438\" \/><\/p>\n<h1><\/h1>\n<p>&nbsp;<\/p>\n<h1 style=\"text-align: center;\">&#8211;<\/h1>\n<h1><\/h1>\n<p>&nbsp;<\/p>\n<p style=\"text-align: center;\"><img loading=\"lazy\" decoding=\"async\" class=\"alignnone size-medium colorbox-1658\" src=\"http:\/\/www.didierlemarchand.net\/4_site_nouveau\/portfolio-N3\/presence_N3\/PF3_bestiaire_3\/bestiaire_3_028.JPG\" width=\"438\" height=\"438\" \/><\/p>\n<h1><\/h1>\n<p>&nbsp;<\/p>\n<h1 style=\"text-align: center;\">&#8211;<\/h1>\n<h1><\/h1>\n<p>&nbsp;<\/p>\n<p style=\"text-align: center;\"><img loading=\"lazy\" decoding=\"async\" class=\"alignnone size-medium colorbox-1658\" src=\"http:\/\/www.didierlemarchand.net\/4_site_nouveau\/portfolio-N3\/presence_N3\/PF3_bestiaire_3\/bestiaire_3_029.JPG\" width=\"438\" height=\"438\" \/><\/p>\n<h1><\/h1>\n<p>&nbsp;<\/p>\n<h1 style=\"text-align: center;\">&#8211;<\/h1>\n<h1><\/h1>\n<p>&nbsp;<\/p>\n<p style=\"text-align: center;\"><img loading=\"lazy\" decoding=\"async\" class=\"alignnone size-medium colorbox-1658\" src=\"http:\/\/www.didierlemarchand.net\/4_site_nouveau\/portfolio-N3\/presence_N3\/PF3_bestiaire_3\/bestiaire_3_032.JPG\" width=\"438\" height=\"438\" \/><\/p>\n<h1><\/h1>\n<p>&nbsp;<\/p>\n<h1 style=\"text-align: center;\">&#8211;<\/h1>\n<h1><\/h1>\n<p>&nbsp;<\/p>\n<p style=\"text-align: center;\"><img loading=\"lazy\" decoding=\"async\" class=\"alignnone size-medium colorbox-1658\" src=\"http:\/\/www.didierlemarchand.net\/4_site_nouveau\/portfolio-N3\/presence_N3\/PF3_bestiaire_3\/bestiaire_3_036.JPG\" width=\"438\" height=\"438\" \/><\/p>\n<h1><\/h1>\n<p>&nbsp;<\/p>\n<h1 style=\"text-align: center;\">&#8211;<\/h1>\n<h1><\/h1>\n<p>&nbsp;<\/p>\n<p style=\"text-align: center;\"><img loading=\"lazy\" decoding=\"async\" class=\"alignnone size-medium colorbox-1658\" src=\"http:\/\/www.didierlemarchand.net\/4_site_nouveau\/portfolio-N3\/presence_N3\/PF3_bestiaire_3\/bestiaire_3_038.JPG\" width=\"438\" height=\"438\" \/><\/p>\n<h1><\/h1>\n<p>&nbsp;<\/p>\n<h1 style=\"text-align: center;\">&#8211;<\/h1>\n<h1><\/h1>\n<p>&nbsp;<\/p>\n<p style=\"text-align: center;\"><img loading=\"lazy\" decoding=\"async\" class=\"alignnone size-medium colorbox-1658\" src=\"http:\/\/www.didierlemarchand.net\/4_site_nouveau\/portfolio-N3\/presence_N3\/PF3_bestiaire_3\/bestiaire_3_048.JPG\" width=\"438\" height=\"438\" \/><\/p>\n<h1><\/h1>\n<p>&nbsp;<\/p>\n<h1 style=\"text-align: center;\">&#8211;<\/h1>\n<h1><\/h1>\n<p>&nbsp;<\/p>\n<p style=\"text-align: center;\"><img loading=\"lazy\" decoding=\"async\" class=\"alignnone size-medium colorbox-1658\" src=\"http:\/\/www.didierlemarchand.net\/4_site_nouveau\/portfolio-N3\/presence_N3\/PF3_bestiaire_3\/bestiaire_3_050.JPG\" width=\"438\" height=\"438\" \/><\/p>\n<h1><\/h1>\n<p>&nbsp;<\/p>\n<h1 style=\"text-align: center;\">&#8211;<\/h1>\n<h1><\/h1>\n<p>&nbsp;<\/p>\n<p style=\"text-align: center;\"><img loading=\"lazy\" decoding=\"async\" class=\"alignnone size-medium colorbox-1658\" src=\"http:\/\/www.didierlemarchand.net\/4_site_nouveau\/portfolio-N3\/presence_N3\/PF3_bestiaire_3\/bestiaire_3_051.JPG\" width=\"438\" height=\"438\" \/><\/p>\n<h1><\/h1>\n<p>&nbsp;<\/p>\n<h1 style=\"text-align: center;\">&#8211;<\/h1>\n<h1><\/h1>\n<p>&nbsp;<\/p>\n<p style=\"text-align: center;\"><img loading=\"lazy\" decoding=\"async\" class=\"alignnone size-medium colorbox-1658\" src=\"http:\/\/www.didierlemarchand.net\/4_site_nouveau\/portfolio-N3\/presence_N3\/PF3_bestiaire_3\/bestiaire_3_053.JPG\" width=\"438\" height=\"438\" \/><\/p>\n<h1><\/h1>\n<p>&nbsp;<\/p>\n<h1 style=\"text-align: center;\">&#8211;<\/h1>\n<h1><\/h1>\n<p>&nbsp;<\/p>\n<p style=\"text-align: center;\"><img loading=\"lazy\" decoding=\"async\" class=\"alignnone size-medium colorbox-1658\" src=\"http:\/\/www.didierlemarchand.net\/4_site_nouveau\/portfolio-N3\/presence_N3\/PF3_bestiaire_3\/bestiaire_3_055.JPG\" width=\"438\" height=\"438\" \/><\/p>\n<h1><\/h1>\n<p>&nbsp;<\/p>\n<h1 style=\"text-align: center;\">&#8211;<\/h1>\n<p style=\"text-align: left;\"><strong>Animaux inanim\u00e9s<\/strong><\/p>\n<p style=\"text-align: left;\">Les animaux accompagnent les humains, vivants ou sous la forme de figurines. On voit des peluches, des statuettes, des bestioles de toutes sortes dans des espaces priv\u00e9s ou publics\u00a0: dessus de chemin\u00e9e, biblioth\u00e8que, vitrine, boulangerie, bord de fen\u00eatre donnant sur rue, voiture, etc.<\/p>\n<p style=\"text-align: left;\">On peut s&rsquo;interroger sur les causes de cette prolif\u00e9ration\u00a0:<\/p>\n<ul>\n<li style=\"text-align: left;\">vestige de pratiques propitiatoires<\/li>\n<li style=\"text-align: left;\">repli sur son enfance dans une \u00e9poque troubl\u00e9e<\/li>\n<li style=\"text-align: left;\">nostalgie d&rsquo;une vie rurale<\/li>\n<li style=\"text-align: left;\">all\u00e9gorie de soi-m\u00eame<\/li>\n<li style=\"text-align: left;\">strat\u00e9gie commerciale pour \u00eatre en phase avec les moment forts de l&rsquo;ann\u00e9e\u00a0: No\u00ebl, P\u00e2ques, vacances d&rsquo;\u00e9t\u00e9<\/li>\n<li style=\"text-align: left;\">choix pragmatique d&rsquo;un animal d\u00e9finitivement domestiqu\u00e9, c&rsquo;est \u00e0 dire discret, silencieux et ob\u00e9issant\u00a0?<\/li>\n<\/ul>\n<p style=\"text-align: left;\">Certainement tout cela \u00e0 la fois.<\/p>\n<p style=\"text-align: left;\">Pour ma part, de par sa fonction de simulacre, sa taille miniature et sa pr\u00e9sence souvent derri\u00e8re une vitre, j&rsquo;y retrouve ce qui m&rsquo;int\u00e9resse dans la photographie\u00a0: la question de la relation du r\u00e9el avec sa repr\u00e9sentation, corr\u00e9lativement le probl\u00e8me de l&rsquo;\u00e9chelle et la sempiternelle pr\u00e9sence du verre\u00a0: celui des objectifs, celui de l&rsquo;\u00e9cran, celui du sous-verre.<\/p>\n","protected":false},"excerpt":{"rendered":"<p>2001 \u2013 s\u00e9rie en cours \u2013 24 x 24 cm \u2013 impression pigmentaire dossier de pr\u00e9sentation t\u00e9l\u00e9chargeable &#8211; &nbsp; &#8211; <span class=\"ellipsis\">&hellip;<\/span> <span class=\"more-link-wrap\"><a href=\"https:\/\/didierlemarchand.net\/site\/portfolio-2\/presence\/bestiaire-3\/\" class=\"more-link\"><span>Continue Reading &rarr;<\/span><\/a><\/span><\/p>\n","protected":false},"author":2,"featured_media":0,"parent":1313,"menu_order":70,"comment_status":"closed","ping_status":"closed","template":"","meta":{"_seopress_robots_primary_cat":"","_seopress_titles_title":"","_seopress_titles_desc":"","_seopress_robots_index":"","footnotes":""},"_links":{"self":[{"href":"https:\/\/didierlemarchand.net\/site\/wp-json\/wp\/v2\/pages\/1658"}],"collection":[{"href":"https:\/\/didierlemarchand.net\/site\/wp-json\/wp\/v2\/pages"}],"about":[{"href":"https:\/\/didierlemarchand.net\/site\/wp-json\/wp\/v2\/types\/page"}],"author":[{"embeddable":true,"href":"https:\/\/didierlemarchand.net\/site\/wp-json\/wp\/v2\/users\/2"}],"replies":[{"embeddable":true,"href":"https:\/\/didierlemarchand.net\/site\/wp-json\/wp\/v2\/comments?post=1658"}],"version-history":[{"count":9,"href":"https:\/\/didierlemarchand.net\/site\/wp-json\/wp\/v2\/pages\/1658\/revisions"}],"predecessor-version":[{"id":2390,"href":"https:\/\/didierlemarchand.net\/site\/wp-json\/wp\/v2\/pages\/1658\/revisions\/2390"}],"up":[{"embeddable":true,"href":"https:\/\/didierlemarchand.net\/site\/wp-json\/wp\/v2\/pages\/1313"}],"wp:attachment":[{"href":"https:\/\/didierlemarchand.net\/site\/wp-json\/wp\/v2\/media?parent=1658"}],"curies":[{"name":"wp","href":"https:\/\/api.w.org\/{rel}","templated":true}]}}