{"id":1619,"date":"2018-01-20T16:55:56","date_gmt":"2018-01-20T15:55:56","guid":{"rendered":"http:\/\/didierlemarchand.net\/site\/?page_id=1619"},"modified":"2018-02-20T17:47:33","modified_gmt":"2018-02-20T16:47:33","slug":"vitre1","status":"publish","type":"page","link":"https:\/\/didierlemarchand.net\/site\/portfolio-2\/minuties\/vitre1\/","title":{"rendered":"vitre 1"},"content":{"rendered":"<p style=\"text-align: center;\">2006 \u2013 s\u00e9rie en cours \u2013 24 x 24 cm \u2013 impression pigmentaire<\/p>\n<p style=\"text-align: center;\"><a href=\"http:\/\/didierlemarchand.net\/4_site_nouveau\/dossiers_telechargeables\/D_Lemarchand_vitre_1.pdf\" target=\"_blank\" rel=\"noopener\">dossier de pr\u00e9sentation t\u00e9l\u00e9chargeable<\/a><\/p>\n<h1 style=\"text-align: center;\">&#8211;<\/h1>\n<p style=\"text-align: center;\"><img loading=\"lazy\" decoding=\"async\" class=\"aligncenter size-medium colorbox-1619\" src=\"http:\/\/www.didierlemarchand.net\/4_site_nouveau\/portfolio-N3\/epiphanie_N3\/vitre_1\/vitre_1_04.jpg\" width=\"438\" height=\"438\" \/><\/p>\n<h1><\/h1>\n<p>&nbsp;<\/p>\n<h1 style=\"text-align: center;\">&#8211;<\/h1>\n<h1><\/h1>\n<p>&nbsp;<\/p>\n<p style=\"text-align: center;\"><img loading=\"lazy\" decoding=\"async\" class=\"aligncenter size-medium colorbox-1619\" src=\"http:\/\/www.didierlemarchand.net\/4_site_nouveau\/portfolio-N3\/epiphanie_N3\/vitre_1\/vitre_1_05.jpg\" width=\"438\" height=\"438\" \/><\/p>\n<h1><\/h1>\n<p>&nbsp;<\/p>\n<h1 style=\"text-align: center;\">&#8211;<\/h1>\n<h1><\/h1>\n<p>&nbsp;<\/p>\n<p style=\"text-align: center;\"><img loading=\"lazy\" decoding=\"async\" class=\"aligncenter size-medium colorbox-1619\" src=\"http:\/\/www.didierlemarchand.net\/4_site_nouveau\/portfolio-N3\/epiphanie_N3\/vitre_1\/vitre_1_06.jpg\" width=\"438\" height=\"438\" \/><\/p>\n<h1><\/h1>\n<p>&nbsp;<\/p>\n<h1 style=\"text-align: center;\">&#8211;<\/h1>\n<h1><\/h1>\n<p>&nbsp;<\/p>\n<p style=\"text-align: center;\"><img loading=\"lazy\" decoding=\"async\" class=\"aligncenter size-medium colorbox-1619\" src=\"http:\/\/www.didierlemarchand.net\/4_site_nouveau\/portfolio-N3\/epiphanie_N3\/vitre_1\/vitre_1_08.jpg\" width=\"438\" height=\"438\" \/><\/p>\n<h1><\/h1>\n<p>&nbsp;<\/p>\n<h1 style=\"text-align: center;\">&#8211;<\/h1>\n<h1><\/h1>\n<p>&nbsp;<\/p>\n<p style=\"text-align: center;\"><img loading=\"lazy\" decoding=\"async\" class=\"aligncenter size-medium colorbox-1619\" src=\"http:\/\/www.didierlemarchand.net\/4_site_nouveau\/portfolio-N3\/epiphanie_N3\/vitre_1\/vitre_1_10.jpg\" width=\"438\" height=\"438\" \/><\/p>\n<h1><\/h1>\n<p>&nbsp;<\/p>\n<h1 style=\"text-align: center;\">&#8211;<\/h1>\n<h1><\/h1>\n<p>&nbsp;<\/p>\n<p style=\"text-align: center;\"><img loading=\"lazy\" decoding=\"async\" class=\"aligncenter size-medium colorbox-1619\" src=\"http:\/\/www.didierlemarchand.net\/4_site_nouveau\/portfolio-N3\/epiphanie_N3\/vitre_1\/vitre_1_13.jpg\" width=\"438\" height=\"438\" \/><\/p>\n<h1><\/h1>\n<p>&nbsp;<\/p>\n<h1 style=\"text-align: center;\">&#8211;<\/h1>\n<h1><\/h1>\n<p>&nbsp;<\/p>\n<p style=\"text-align: center;\"><img loading=\"lazy\" decoding=\"async\" class=\"aligncenter size-medium colorbox-1619\" src=\"http:\/\/www.didierlemarchand.net\/4_site_nouveau\/portfolio-N3\/epiphanie_N3\/vitre_1\/vitre_1_17.JPG\" width=\"438\" height=\"438\" \/><\/p>\n<h1><\/h1>\n<p>&nbsp;<\/p>\n<h1 style=\"text-align: center;\">&#8211;<\/h1>\n<h1><\/h1>\n<p>&nbsp;<\/p>\n<p style=\"text-align: center;\"><img loading=\"lazy\" decoding=\"async\" class=\"aligncenter size-medium colorbox-1619\" src=\"http:\/\/www.didierlemarchand.net\/4_site_nouveau\/portfolio-N3\/epiphanie_N3\/vitre_1\/vitre_1_18.JPG\" width=\"438\" height=\"438\" \/><\/p>\n<h1><\/h1>\n<p>&nbsp;<\/p>\n<h1 style=\"text-align: center;\">&#8211;<\/h1>\n<h1><\/h1>\n<p>&nbsp;<\/p>\n<p style=\"text-align: center;\"><img loading=\"lazy\" decoding=\"async\" class=\"aligncenter size-medium colorbox-1619\" src=\"http:\/\/www.didierlemarchand.net\/4_site_nouveau\/portfolio-N3\/epiphanie_N3\/vitre_1\/vitre_1_20.JPG\" width=\"438\" height=\"438\" \/><\/p>\n<h1><\/h1>\n<p>&nbsp;<\/p>\n<h1 style=\"text-align: center;\">&#8211;<\/h1>\n<h1><\/h1>\n<p>&nbsp;<\/p>\n<p style=\"text-align: center;\"><img loading=\"lazy\" decoding=\"async\" class=\"aligncenter size-medium colorbox-1619\" src=\"http:\/\/www.didierlemarchand.net\/4_site_nouveau\/portfolio-N3\/epiphanie_N3\/vitre_1\/vitre_1_23.JPG\" width=\"438\" height=\"438\" \/><\/p>\n<h1><\/h1>\n<p>&nbsp;<\/p>\n<h1 style=\"text-align: center;\">&#8211;<\/h1>\n<h1><\/h1>\n<p>&nbsp;<\/p>\n<p style=\"text-align: center;\"><img loading=\"lazy\" decoding=\"async\" class=\"aligncenter size-medium colorbox-1619\" src=\"http:\/\/www.didierlemarchand.net\/4_site_nouveau\/portfolio-N3\/epiphanie_N3\/vitre_1\/vitre_1_24.JPG\" width=\"438\" height=\"438\" \/><\/p>\n<h1><\/h1>\n<p>&nbsp;<\/p>\n<h1 style=\"text-align: center;\">&#8211;<\/h1>\n<h1><\/h1>\n<p>&nbsp;<\/p>\n<p style=\"text-align: center;\"><img loading=\"lazy\" decoding=\"async\" class=\"aligncenter size-medium colorbox-1619\" src=\"http:\/\/www.didierlemarchand.net\/4_site_nouveau\/portfolio-N3\/epiphanie_N3\/vitre_1\/vitre_1_25.JPG\" width=\"438\" height=\"438\" \/><\/p>\n<h1><\/h1>\n<p>&nbsp;<\/p>\n<h1 style=\"text-align: center;\">&#8211;<\/h1>\n<h1><\/h1>\n<p>&nbsp;<\/p>\n<p style=\"text-align: center;\"><img loading=\"lazy\" decoding=\"async\" class=\"aligncenter size-medium colorbox-1619\" src=\"http:\/\/www.didierlemarchand.net\/4_site_nouveau\/portfolio-N3\/epiphanie_N3\/vitre_1\/vitre_1_27.JPG\" width=\"438\" height=\"438\" \/><\/p>\n<h1><\/h1>\n<p>&nbsp;<\/p>\n<h1 style=\"text-align: center;\">&#8211;<\/h1>\n<h1><\/h1>\n<p>&nbsp;<\/p>\n<p style=\"text-align: center;\"><img loading=\"lazy\" decoding=\"async\" class=\"aligncenter size-medium colorbox-1619\" src=\"http:\/\/www.didierlemarchand.net\/4_site_nouveau\/portfolio-N3\/epiphanie_N3\/vitre_1\/vitre_1_29.JPG\" width=\"438\" height=\"438\" \/><\/p>\n<h1><\/h1>\n<p>&nbsp;<\/p>\n<h1 style=\"text-align: center;\">&#8211;<\/h1>\n<h1><\/h1>\n<p>&nbsp;<\/p>\n<p style=\"text-align: center;\"><img loading=\"lazy\" decoding=\"async\" class=\"aligncenter size-medium colorbox-1619\" src=\"http:\/\/www.didierlemarchand.net\/4_site_nouveau\/portfolio-N3\/epiphanie_N3\/vitre_1\/vitre_1_30.JPG\" width=\"438\" height=\"438\" \/><\/p>\n<h1><\/h1>\n<p>&nbsp;<\/p>\n<h1 style=\"text-align: center;\">&#8211;<\/h1>\n<h1><\/h1>\n<p>&nbsp;<\/p>\n<p style=\"text-align: center;\"><img loading=\"lazy\" decoding=\"async\" class=\"aligncenter size-medium colorbox-1619\" src=\"http:\/\/www.didierlemarchand.net\/4_site_nouveau\/portfolio-N3\/epiphanie_N3\/vitre_1\/vitre_1_31.JPG\" width=\"438\" height=\"438\" \/><\/p>\n<h1><\/h1>\n<p>&nbsp;<\/p>\n<h1 style=\"text-align: center;\">&#8211;<\/h1>\n<p>&nbsp;<\/p>\n<p>Cette s\u00e9rie fait partie d&rsquo;un ensemble : <strong>minuties<\/strong><\/p>\n<p><strong>D\u00e9f. de minutie :<\/strong><br \/>\nPetite chose, d\u00e9tail sans importance, insignifiant.<br \/>\nApplication attentive, soin donn\u00e9 aux moindres d\u00e9tails.<br \/>\nManifestation de ce soin.<br \/>\n\u00c9tymol. : empr. au lat. d&rsquo;\u00e9poque imp\u00e9riale minutia \u00abpetite parcelle, poussi\u00e8re\u00bb, lui-m\u00eame d\u00e9r. de minutus \u00abpetit, menu\u00bb, part. pass\u00e9 adj. de minuo \u00abdiminuer, rendre plus petit\u00bb.<\/p>\n<p style=\"padding-left: 30px;\"><em>\u00ab J&rsquo;ai vu un voyant, <\/em><br \/>\n<em>Qui examinait les teintes les objets de l&rsquo;univers,<\/em><br \/>\n<em>Les champs de l&rsquo;art, du savoir, du plaisir, des sens,<\/em><br \/>\n<em>Et cueillait l&rsquo;eidolon. \u00bb<\/em><br \/>\nWalt Whitman, Feuilles d&rsquo;herbe &#8211; trad. Jacques Darras<\/p>\n<p>Images prises au gr\u00e9 des jours, lors de promenades ou de temps morts.<br \/>\nTemps suspendu, moments o\u00f9 l&rsquo;on fait le vide, minutes d&rsquo;enti\u00e8re disponibilit\u00e9, de perm\u00e9abilit\u00e9 au monde, o\u00f9 l&rsquo;on laisse de c\u00f4t\u00e9 sa pens\u00e9e, ses r\u00eaveries, ses souvenirs pour n&rsquo;\u00eatre que dans l&rsquo;instant, qu&rsquo;avec ses seuls yeux.<br \/>\nEtats d&rsquo;indolence, de fl\u00e2nerie, de vagabondage o\u00f9 l&rsquo;on part dans le d\u00e9cor, o\u00f9 l&rsquo;on accueille l&rsquo;impr\u00e9vu, on laisse venir \u00e0 soi le fortuit<br \/>\nUne seule chose s&rsquo;impose : se m\u00ealer au flux du r\u00e9el et n&rsquo;en picorer que des bribes, des traces, des rebuts, des miettes, muets de tout sens.<br \/>\nDe retour chez soi, les images cueillies sont mises de c\u00f4t\u00e9. On les oublie temporairement.<br \/>\nPlus tard, on les red\u00e9couvre, on les observe, on \u00e9limine tout ce qui peut relever du pittoresque, de l&rsquo;esth\u00e9tisme.<br \/>\nLa r\u00e9f\u00e9rence au r\u00e9el n&rsquo;est plus forc\u00e9ment pr\u00e9sente, il ne reste que l&rsquo;alchimie des formes, des couleurs, des mati\u00e8res. Certaines s&rsquo;imposent, sans que l&rsquo;on sache vraiment pourquoi, comme cela a d\u00e9j\u00e0 \u00e9t\u00e9 le cas lors de la prise de vue.<br \/>\nCependant, peut-on encore en rester \u00e0 la surface des choses, sortir de la moindre signification ? Devant cet ensemble fragmentaire, d\u00e9cousu, polymorphe il appara\u00eet en filigrane des redites, des constantes, des obsessions. Acceptons seulement de regrouper ces images selon des cat\u00e9gories sensibles, ph\u00e9nom\u00e9nologiques pourrait-on dire, et laissons ceux, qui le souhaitent, disserter peut-\u00eatre dans une approche bachelardienne.<\/p>\n<p style=\"padding-left: 30px;\"><em>\u00ab Le souffle de lumi\u00e8re, le tremblement concentr\u00e9<\/em><br \/>\n<em>qui \u00e9mane de certaines rencontres<\/em><br \/>\n<em>contredit parfois sa propre bri\u00e8vet\u00e9<\/em><br \/>\n<em>et s&rsquo;\u00e9tend comme une lente alchimie<\/em><br \/>\n<em>sur tout le reste de la vie. \u00bb<\/em><br \/>\nRoberto Juarroz, Douzi\u00e8me po\u00e9sie verticale trad. Fernand Verhesen<\/p>\n","protected":false},"excerpt":{"rendered":"<p>2006 \u2013 s\u00e9rie en cours \u2013 24 x 24 cm \u2013 impression pigmentaire dossier de pr\u00e9sentation t\u00e9l\u00e9chargeable &#8211; &nbsp; &#8211; <span class=\"ellipsis\">&hellip;<\/span> <span class=\"more-link-wrap\"><a href=\"https:\/\/didierlemarchand.net\/site\/portfolio-2\/minuties\/vitre1\/\" class=\"more-link\"><span>Continue Reading &rarr;<\/span><\/a><\/span><\/p>\n","protected":false},"author":2,"featured_media":0,"parent":1348,"menu_order":167,"comment_status":"closed","ping_status":"closed","template":"","meta":{"_seopress_robots_primary_cat":"","_seopress_titles_title":"","_seopress_titles_desc":"","_seopress_robots_index":"","footnotes":""},"_links":{"self":[{"href":"https:\/\/didierlemarchand.net\/site\/wp-json\/wp\/v2\/pages\/1619"}],"collection":[{"href":"https:\/\/didierlemarchand.net\/site\/wp-json\/wp\/v2\/pages"}],"about":[{"href":"https:\/\/didierlemarchand.net\/site\/wp-json\/wp\/v2\/types\/page"}],"author":[{"embeddable":true,"href":"https:\/\/didierlemarchand.net\/site\/wp-json\/wp\/v2\/users\/2"}],"replies":[{"embeddable":true,"href":"https:\/\/didierlemarchand.net\/site\/wp-json\/wp\/v2\/comments?post=1619"}],"version-history":[{"count":10,"href":"https:\/\/didierlemarchand.net\/site\/wp-json\/wp\/v2\/pages\/1619\/revisions"}],"predecessor-version":[{"id":2185,"href":"https:\/\/didierlemarchand.net\/site\/wp-json\/wp\/v2\/pages\/1619\/revisions\/2185"}],"up":[{"embeddable":true,"href":"https:\/\/didierlemarchand.net\/site\/wp-json\/wp\/v2\/pages\/1348"}],"wp:attachment":[{"href":"https:\/\/didierlemarchand.net\/site\/wp-json\/wp\/v2\/media?parent=1619"}],"curies":[{"name":"wp","href":"https:\/\/api.w.org\/{rel}","templated":true}]}}