{"id":1511,"date":"2018-01-19T15:46:32","date_gmt":"2018-01-19T14:46:32","guid":{"rendered":"http:\/\/didierlemarchand.net\/site\/?page_id=1511"},"modified":"2018-02-28T10:49:56","modified_gmt":"2018-02-28T09:49:56","slug":"declics-2","status":"publish","type":"page","link":"https:\/\/didierlemarchand.net\/site\/portfolio-2\/mots\/declics-2\/","title":{"rendered":"d\u00e9clics 2"},"content":{"rendered":"<p style=\"text-align: center;\">2008\/2013 \u2013 40 x 50 cm \u2013 impression pigmentaire<\/p>\n<p style=\"text-align: center;\"><a href=\"http:\/\/didierlemarchand.net\/4_site_nouveau\/dossiers_telechargeables\/D_Lemarchand_declics_2.pdf\" target=\"_blank\" rel=\"noopener\">dossier de pr\u00e9sentation t\u00e9l\u00e9chargeable<\/a><\/p>\n<h1 style=\"text-align: center;\">&#8211;<\/h1>\n<h1 id=\"photo\" style=\"text-align: center;\"><img loading=\"lazy\" decoding=\"async\" class=\"alignnone size-medium colorbox-1511\" src=\"http:\/\/www.didierlemarchand.net\/4_site_nouveau\/portfolio-N3\/mot_N3\/PF3_declic_2\/PF3_declic_2_01.jpg\" width=\"500\" height=\"450\" \/><\/h1>\n<h1 style=\"text-align: center;\">&#8211;<\/h1>\n<h1 id=\"photo\" style=\"text-align: center;\"><img loading=\"lazy\" decoding=\"async\" class=\"alignnone size-medium colorbox-1511\" src=\"http:\/\/www.didierlemarchand.net\/4_site_nouveau\/portfolio-N3\/mot_N3\/PF3_declic_2\/PF3_declic_2_02.jpg\" width=\"500\" height=\"450\" \/><\/h1>\n<h1 style=\"text-align: center;\">&#8211;<\/h1>\n<h1 id=\"photo\" style=\"text-align: center;\"><img loading=\"lazy\" decoding=\"async\" class=\"alignnone size-medium colorbox-1511\" src=\"http:\/\/www.didierlemarchand.net\/4_site_nouveau\/portfolio-N3\/mot_N3\/PF3_declic_2\/PF3_declic_2_03.jpg\" width=\"500\" height=\"450\" \/><\/h1>\n<h1 style=\"text-align: center;\">&#8211;<\/h1>\n<h1 id=\"photo\" style=\"text-align: center;\"><img loading=\"lazy\" decoding=\"async\" class=\"alignnone size-medium colorbox-1511\" src=\"http:\/\/www.didierlemarchand.net\/4_site_nouveau\/portfolio-N3\/mot_N3\/PF3_declic_2\/PF3_declic_2_04.jpg\" width=\"500\" height=\"450\" \/><\/h1>\n<h1 style=\"text-align: center;\">&#8211;<\/h1>\n<h1 id=\"photo\" style=\"text-align: center;\"><\/h1>\n<h1 id=\"photo\" style=\"text-align: center;\"><img loading=\"lazy\" decoding=\"async\" class=\"alignnone size-medium colorbox-1511\" src=\"http:\/\/www.didierlemarchand.net\/4_site_nouveau\/portfolio-N3\/mot_N3\/PF3_declic_2\/PF3_declic_2_07.jpg\" width=\"500\" height=\"450\" \/><\/h1>\n<h1 style=\"text-align: center;\">&#8211;<\/h1>\n<h1 id=\"photo\" style=\"text-align: center;\"><img loading=\"lazy\" decoding=\"async\" class=\"alignnone size-medium colorbox-1511\" src=\"http:\/\/www.didierlemarchand.net\/4_site_nouveau\/portfolio-N3\/mot_N3\/PF3_declic_2\/PF3_declic_2_08.jpg\" width=\"500\" height=\"450\" \/><\/h1>\n<h1 style=\"text-align: center;\">&#8211;<\/h1>\n<h1 id=\"photo\" style=\"text-align: center;\"><img loading=\"lazy\" decoding=\"async\" class=\"alignnone size-medium colorbox-1511\" src=\"http:\/\/www.didierlemarchand.net\/4_site_nouveau\/portfolio-N3\/mot_N3\/PF3_declic_2\/PF3_declic_2_09.jpg\" width=\"500\" height=\"450\" \/><\/h1>\n<h1 style=\"text-align: center;\">&#8211;<\/h1>\n<h1 id=\"photo\" style=\"text-align: center;\"><img loading=\"lazy\" decoding=\"async\" class=\"alignnone size-medium colorbox-1511\" src=\"http:\/\/www.didierlemarchand.net\/4_site_nouveau\/portfolio-N3\/mot_N3\/PF3_declic_2\/PF3_declic_2_10.jpg\" width=\"500\" height=\"450\" \/><\/h1>\n<h1 style=\"text-align: center;\">&#8211;<\/h1>\n<h1 id=\"photo\" style=\"text-align: center;\"><img loading=\"lazy\" decoding=\"async\" class=\"alignnone size-medium colorbox-1511\" src=\"http:\/\/www.didierlemarchand.net\/4_site_nouveau\/portfolio-N3\/mot_N3\/PF3_declic_2\/PF3_declic_2_11.jpg\" width=\"500\" height=\"450\" \/><\/h1>\n<h1 style=\"text-align: center;\">&#8211;<\/h1>\n<h1 id=\"photo\" style=\"text-align: center;\"><img loading=\"lazy\" decoding=\"async\" class=\"alignnone size-medium colorbox-1511\" src=\"http:\/\/www.didierlemarchand.net\/4_site_nouveau\/portfolio-N3\/mot_N3\/PF3_declic_2\/PF3_declic_2_12.jpg\" width=\"500\" height=\"450\" \/><\/h1>\n<h1 style=\"text-align: center;\">&#8211;<\/h1>\n<h1 id=\"photo\" style=\"text-align: center;\"><img loading=\"lazy\" decoding=\"async\" class=\"alignnone size-medium colorbox-1511\" src=\"http:\/\/www.didierlemarchand.net\/4_site_nouveau\/portfolio-N3\/mot_N3\/PF3_declic_2\/PF3_declic_2_13.jpg\" width=\"500\" height=\"450\" \/><\/h1>\n<h1 style=\"text-align: center;\">&#8211;<\/h1>\n<h1 id=\"photo\" style=\"text-align: center;\"><img loading=\"lazy\" decoding=\"async\" class=\"alignnone size-medium colorbox-1511\" src=\"http:\/\/www.didierlemarchand.net\/4_site_nouveau\/portfolio-N3\/mot_N3\/PF3_declic_2\/PF3_declic_2_14.jpg\" width=\"500\" height=\"450\" \/><\/h1>\n<h1 style=\"text-align: center;\">&#8211;<\/h1>\n<h1 id=\"photo\" style=\"text-align: center;\"><img loading=\"lazy\" decoding=\"async\" class=\"alignnone size-medium colorbox-1511\" src=\"http:\/\/www.didierlemarchand.net\/4_site_nouveau\/portfolio-N3\/mot_N3\/PF3_declic_2\/PF3_declic_2_15.jpg\" width=\"500\" height=\"450\" \/><\/h1>\n<h1 style=\"text-align: center;\">&#8211;<\/h1>\n<h1 id=\"photo\" style=\"text-align: center;\"><img loading=\"lazy\" decoding=\"async\" class=\"alignnone size-medium colorbox-1511\" src=\"http:\/\/www.didierlemarchand.net\/4_site_nouveau\/portfolio-N3\/mot_N3\/PF3_declic_2\/PF3_declic_2_16.jpg\" width=\"500\" height=\"450\" \/><\/h1>\n<h1 style=\"text-align: center;\">&#8211;<\/h1>\n<h1 id=\"photo\" style=\"text-align: center;\"><img loading=\"lazy\" decoding=\"async\" class=\"alignnone size-medium colorbox-1511\" src=\"http:\/\/www.didierlemarchand.net\/4_site_nouveau\/portfolio-N3\/mot_N3\/PF3_declic_2\/PF3_declic_2_17.jpg\" width=\"500\" height=\"450\" \/><\/h1>\n<h1 style=\"text-align: center;\">&#8211;<\/h1>\n<h1 id=\"photo\" style=\"text-align: center;\"><img loading=\"lazy\" decoding=\"async\" class=\"alignnone size-medium colorbox-1511\" src=\"http:\/\/www.didierlemarchand.net\/4_site_nouveau\/portfolio-N3\/mot_N3\/PF3_declic_2\/PF3_declic_2_18.jpg\" width=\"500\" height=\"450\" \/><\/h1>\n<h1 style=\"text-align: center;\">&#8211;<\/h1>\n<h1 id=\"photo\" style=\"text-align: center;\"><img loading=\"lazy\" decoding=\"async\" class=\"alignnone size-medium colorbox-1511\" src=\"http:\/\/www.didierlemarchand.net\/4_site_nouveau\/portfolio-N3\/mot_N3\/PF3_declic_2\/PF3_declic_2_19.jpg\" width=\"500\" height=\"450\" \/><\/h1>\n<h1 style=\"text-align: center;\">&#8211;<\/h1>\n<h1 id=\"photo\" style=\"text-align: center;\"><img loading=\"lazy\" decoding=\"async\" class=\"alignnone size-medium colorbox-1511\" src=\"http:\/\/www.didierlemarchand.net\/4_site_nouveau\/portfolio-N3\/mot_N3\/PF3_declic_2\/PF3_declic_2_20.jpg\" width=\"500\" height=\"450\" \/><\/h1>\n<h1 style=\"text-align: center;\">&#8211;<\/h1>\n<h1 id=\"photo\" style=\"text-align: center;\"><img loading=\"lazy\" decoding=\"async\" class=\"alignnone size-medium colorbox-1511\" src=\"http:\/\/www.didierlemarchand.net\/4_site_nouveau\/portfolio-N3\/mot_N3\/PF3_declic_2\/PF3_declic_2_21.jpg\" width=\"500\" height=\"450\" \/><\/h1>\n<h1 style=\"text-align: center;\">&#8211;<\/h1>\n<h1 id=\"photo\" style=\"text-align: center;\"><img loading=\"lazy\" decoding=\"async\" class=\"alignnone size-medium colorbox-1511\" src=\"http:\/\/www.didierlemarchand.net\/4_site_nouveau\/portfolio-N3\/mot_N3\/PF3_declic_2\/PF3_declic_2_22.jpg\" width=\"500\" height=\"450\" \/><\/h1>\n<h1 style=\"text-align: center;\">&#8211;<\/h1>\n<h1 id=\"photo\" style=\"text-align: center;\"><img loading=\"lazy\" decoding=\"async\" class=\"alignnone size-medium colorbox-1511\" src=\"http:\/\/www.didierlemarchand.net\/4_site_nouveau\/portfolio-N3\/mot_N3\/PF3_declic_2\/PF3_declic_2_23.jpg\" width=\"500\" height=\"450\" \/><\/h1>\n<h1 style=\"text-align: center;\">&#8211;<\/h1>\n<h1 id=\"photo\" style=\"text-align: center;\"><img loading=\"lazy\" decoding=\"async\" class=\"alignnone size-medium colorbox-1511\" src=\"http:\/\/www.didierlemarchand.net\/4_site_nouveau\/portfolio-N3\/mot_N3\/PF3_declic_2\/PF3_declic_2_24.jpg\" width=\"500\" height=\"450\" \/><\/h1>\n<h1 style=\"text-align: center;\">&#8211;<\/h1>\n<h1 id=\"photo\" style=\"text-align: center;\"><img loading=\"lazy\" decoding=\"async\" class=\"alignnone size-medium colorbox-1511\" src=\"http:\/\/www.didierlemarchand.net\/4_site_nouveau\/portfolio-N3\/mot_N3\/PF3_declic_2\/PF3_declic_2_25.jpg\" width=\"500\" height=\"450\" \/><\/h1>\n<h1 style=\"text-align: center;\">&#8211;<\/h1>\n<h1 id=\"photo\" style=\"text-align: center;\"><img loading=\"lazy\" decoding=\"async\" class=\"alignnone size-medium colorbox-1511\" src=\"http:\/\/www.didierlemarchand.net\/4_site_nouveau\/portfolio-N3\/mot_N3\/PF3_declic_2\/PF3_declic_2_26.jpg\" width=\"500\" height=\"450\" \/><\/h1>\n<h1 style=\"text-align: center;\">&#8211;<\/h1>\n<h1 id=\"photo\" style=\"text-align: center;\"><img loading=\"lazy\" decoding=\"async\" class=\"alignnone size-medium colorbox-1511\" src=\"http:\/\/www.didierlemarchand.net\/4_site_nouveau\/portfolio-N3\/mot_N3\/PF3_declic_2\/PF3_declic_2_27.jpg\" width=\"500\" height=\"450\" \/><\/h1>\n<h1 style=\"text-align: center;\">&#8211;<\/h1>\n<h1 id=\"photo\" style=\"text-align: center;\"><img loading=\"lazy\" decoding=\"async\" class=\"alignnone size-medium colorbox-1511\" src=\"http:\/\/www.didierlemarchand.net\/4_site_nouveau\/portfolio-N3\/mot_N3\/PF3_declic_2\/PF3_declic_2_28.jpg\" width=\"500\" height=\"450\" \/><\/h1>\n<h1 style=\"text-align: center;\">&#8211;<\/h1>\n<h1 id=\"photo\" style=\"text-align: center;\"><img loading=\"lazy\" decoding=\"async\" class=\"alignnone size-medium colorbox-1511\" src=\"http:\/\/www.didierlemarchand.net\/4_site_nouveau\/portfolio-N3\/mot_N3\/PF3_declic_2\/PF3_declic_2_29.jpg\" width=\"500\" height=\"450\" \/><\/h1>\n<h1 style=\"text-align: center;\">&#8211;<\/h1>\n<h1 id=\"photo\" style=\"text-align: center;\"><img loading=\"lazy\" decoding=\"async\" class=\"alignnone size-medium colorbox-1511\" src=\"http:\/\/www.didierlemarchand.net\/4_site_nouveau\/portfolio-N3\/mot_N3\/PF3_declic_2\/PF3_declic_2_30.jpg\" width=\"500\" height=\"450\" \/><\/h1>\n<h1 style=\"text-align: center;\">&#8211;<\/h1>\n<div class=\"entry-content clearfix\"><\/div>\n<p><strong>des photographies et du texte<\/strong><\/p>\n<p>Fin 2008, j&rsquo;ai voulu renouer avec un travail \u00e0 faire au quotidien, \u00e0 l&rsquo;instar de <a href=\"http:\/\/didierlemarchand.net\/site\/ecrits\/declic\/\">d\u00e9clic 1<\/a>, et cela par un moyen plus actuel et plus interactif : le blog.<br \/>\nDu 2 novembre 2008 au 22 avril 2013, 2378\u00a0photo&amp;graphies y ont \u00e9t\u00e9 d\u00e9pos\u00e9es; photo&amp;graphie car elles \u00e9taient accompagn\u00e9es d\u2019une phrase commen\u00e7ant au-dessus et se terminant au dessous par 2 lignes maximum. L\u2019image contenait parfois un ou des mots qui s\u2019int\u00e9graient au milieu de la phrase.<br \/>\nDes auteurs, r\u00e9guli\u00e8rement, y postaient des textes brefs qui interagissaient avec les images.<br \/>\nLes photo&amp;graphies ont fait l\u2019objet de plusieurs <a href=\"http:\/\/didierlemarchand.net\/site\/expositions\/\">expositions<\/a>.<\/p>\n<p>Cette page ne pr\u00e9sente qu&rsquo;une infime partie des photo&amp;graphies. La totalit\u00e9 est toujours visible sur le <a href=\"http:\/\/didierlemarchand.net\/declics2\/\"><strong>blog.<\/strong><\/a><\/p>\n<p>&nbsp;<\/p>\n<p>Voici le projet tel qu\u2019il \u00e9tait annonc\u00e9 sur le blog \u00e0 son lancement.<\/p>\n<p style=\"padding-left: 30px;\"><em><strong>credo<\/strong><\/em><\/p>\n<p style=\"padding-left: 30px;\"><em>Capter le monde per\u00e7u, ressenti, r\u00eav\u00e9 par des photographies, des textes, cela sans but pr\u00e9cis, comme cela vient.<\/em><br \/>\n<em>S\u2019interroger sur le m\u00e9dium photographique, sur sa relation complexe au r\u00e9el et aux mots.<\/em><br \/>\n<em>Improvisations, caprices, petite musique du quotidien, journal de travail.<\/em><br \/>\n<em>S\u2019y tenir au quotidien, faire de ce quotidien un terrain d\u2019aventure, voyager dans un territoire limit\u00e9.<\/em><\/p>\n<p style=\"padding-left: 30px;\"><em><strong>interaction<\/strong><\/em><\/p>\n<p style=\"padding-left: 30px;\"><em>Impliquer le visiteur, l\u2019inciter \u00e0 sortir du statut de lecteur passif, lui sugg\u00e9rer de r\u00e9agir par un acte de cr\u00e9ation, par une \u00e9criture qui r\u00e9ponde \u00e0 la mienne.<\/em><br \/>\n<em>Int\u00e9grer chaque commentaire, ainsi con\u00e7u, au blog.<\/em><br \/>\n<em>Op\u00e9rer une s\u00e9lection parmi ces commentaires. Ne faire figurer directement sous les images que les textes avec lesquels je ressens une v\u00e9ritable proximit\u00e9 d\u2019\u00e9criture et qui m\u2019aident \u00e0 voir plus clair derri\u00e8re mes photographies, dans leurs limbes et leurs marges, c\u2019est \u00e0 dire ceux qui me questionnent dans ma pratique, m\u2019incitent \u00e0 creuser davantage mon regard et m\u2019ouvrent d\u2019autres horizons.<\/em><\/p>\n","protected":false},"excerpt":{"rendered":"<p>2008\/2013 \u2013 40 x 50 cm \u2013 impression pigmentaire dossier de pr\u00e9sentation t\u00e9l\u00e9chargeable &#8211; &#8211; &#8211; &#8211; &#8211; &#8211; &#8211; <span class=\"ellipsis\">&hellip;<\/span> <span class=\"more-link-wrap\"><a href=\"https:\/\/didierlemarchand.net\/site\/portfolio-2\/mots\/declics-2\/\" class=\"more-link\"><span>Continue Reading &rarr;<\/span><\/a><\/span><\/p>\n","protected":false},"author":2,"featured_media":0,"parent":1315,"menu_order":39,"comment_status":"closed","ping_status":"closed","template":"","meta":{"_seopress_robots_primary_cat":"","_seopress_titles_title":"","_seopress_titles_desc":"","_seopress_robots_index":"","footnotes":""},"_links":{"self":[{"href":"https:\/\/didierlemarchand.net\/site\/wp-json\/wp\/v2\/pages\/1511"}],"collection":[{"href":"https:\/\/didierlemarchand.net\/site\/wp-json\/wp\/v2\/pages"}],"about":[{"href":"https:\/\/didierlemarchand.net\/site\/wp-json\/wp\/v2\/types\/page"}],"author":[{"embeddable":true,"href":"https:\/\/didierlemarchand.net\/site\/wp-json\/wp\/v2\/users\/2"}],"replies":[{"embeddable":true,"href":"https:\/\/didierlemarchand.net\/site\/wp-json\/wp\/v2\/comments?post=1511"}],"version-history":[{"count":10,"href":"https:\/\/didierlemarchand.net\/site\/wp-json\/wp\/v2\/pages\/1511\/revisions"}],"predecessor-version":[{"id":2393,"href":"https:\/\/didierlemarchand.net\/site\/wp-json\/wp\/v2\/pages\/1511\/revisions\/2393"}],"up":[{"embeddable":true,"href":"https:\/\/didierlemarchand.net\/site\/wp-json\/wp\/v2\/pages\/1315"}],"wp:attachment":[{"href":"https:\/\/didierlemarchand.net\/site\/wp-json\/wp\/v2\/media?parent=1511"}],"curies":[{"name":"wp","href":"https:\/\/api.w.org\/{rel}","templated":true}]}}