{"id":1348,"date":"2018-01-18T11:37:29","date_gmt":"2018-01-18T10:37:29","guid":{"rendered":"http:\/\/didierlemarchand.net\/site\/?page_id=1348"},"modified":"2025-10-06T19:32:46","modified_gmt":"2025-10-06T17:32:46","slug":"minuties","status":"publish","type":"page","link":"https:\/\/didierlemarchand.net\/site\/portfolio-2\/minuties\/","title":{"rendered":"minuties"},"content":{"rendered":"<h4><em>Dans l&rsquo;infinitude notre champ de vision, certaines choses s&rsquo;imposent \u00e0 notre regard.<\/em><\/h4>\n<p>&nbsp;<\/p>\n<hr \/>\n<p><strong>ciel<\/strong> <strong>1<\/strong> &#8211; s\u00e9rie commenc\u00e9e en 2011<\/p>\n<p style=\"padding-left: 30px;\"><a href=\"https:\/\/didierlemarchand.net\/site\/portfolio-2\/minuties\/ciel\/\"><img loading=\"lazy\" decoding=\"async\" class=\"alignnone colorbox-1348\" src=\"http:\/\/www.didierlemarchand.net\/4_site_nouveau\/portfolio-N2\/epiphanie_N2\/ciel_1.JPG\" alt=\"\" width=\"216\" height=\"216\" \/><\/a><\/p>\n<hr \/>\n<p><strong>couleur 3<\/strong> &#8211; s\u00e9rie commenc\u00e9e en 2003<\/p>\n<p style=\"padding-left: 30px;\"><a href=\"https:\/\/didierlemarchand.net\/site\/portfolio-2\/minuties\/couleur3\/\"><img loading=\"lazy\" decoding=\"async\" class=\"alignnone colorbox-1348\" src=\"http:\/\/www.didierlemarchand.net\/4_site_nouveau\/portfolio-N2\/epiphanie_N2\/couleur_3.JPG\" alt=\"\" width=\"216\" height=\"216\" \/><\/a><\/p>\n<hr \/>\n<p><strong>couleur 4<\/strong> &#8211; s\u00e9rie commenc\u00e9e en 2009<\/p>\n<p style=\"padding-left: 30px;\"><a href=\"https:\/\/didierlemarchand.net\/site\/portfolio-2\/minuties\/couleur4\/\"><img loading=\"lazy\" decoding=\"async\" class=\"alignnone colorbox-1348\" src=\"http:\/\/www.didierlemarchand.net\/4_site_nouveau\/portfolio-N2\/epiphanie_N2\/couleur_4.JPG\" alt=\"\" width=\"216\" height=\"216\" \/><\/a><\/p>\n<hr \/>\n<p><strong>couleur 5<\/strong> &#8211; s\u00e9rie commenc\u00e9e en 2009<\/p>\n<p style=\"padding-left: 30px;\"><a href=\"https:\/\/didierlemarchand.net\/site\/portfolio-2\/minuties\/couleur5\/\"><img loading=\"lazy\" decoding=\"async\" class=\"alignnone colorbox-1348\" src=\"http:\/\/www.didierlemarchand.net\/4_site_nouveau\/portfolio-N2\/epiphanie_N2\/couleur_5.JPG\" alt=\"\" width=\"216\" height=\"216\" \/><\/a><\/p>\n<hr \/>\n<p><strong>couleur 6<\/strong> &#8211; s\u00e9rie commenc\u00e9e en 2009<\/p>\n<p style=\"padding-left: 30px;\"><a href=\"https:\/\/didierlemarchand.net\/site\/portfolio-2\/minuties\/couleur6\/\"><img loading=\"lazy\" decoding=\"async\" class=\"alignnone colorbox-1348\" src=\"http:\/\/www.didierlemarchand.net\/4_site_nouveau\/portfolio-N2\/epiphanie_N2\/couleur_6.JPG\" alt=\"\" width=\"216\" height=\"216\" \/><\/a><\/p>\n<hr \/>\n<p><strong>eau 2<\/strong> &#8211; s\u00e9rie commenc\u00e9e en 2003<\/p>\n<p style=\"padding-left: 30px;\"><a href=\"https:\/\/didierlemarchand.net\/site\/portfolio-2\/minuties\/eau2\/\"><img loading=\"lazy\" decoding=\"async\" class=\"alignnone colorbox-1348\" src=\"http:\/\/www.didierlemarchand.net\/4_site_nouveau\/portfolio-N2\/epiphanie_N2\/eau_2.JPG\" alt=\"\" width=\"216\" height=\"216\" \/><\/a><\/p>\n<hr \/>\n<p><strong>lumi\u00e8re 5<\/strong> &#8211; s\u00e9rie commenc\u00e9e en 2003<\/p>\n<p style=\"padding-left: 30px;\"><a href=\"https:\/\/didierlemarchand.net\/site\/portfolio-2\/minuties\/lumiere5\/\"><img loading=\"lazy\" decoding=\"async\" class=\"alignnone colorbox-1348\" src=\"http:\/\/www.didierlemarchand.net\/4_site_nouveau\/portfolio-N2\/epiphanie_N2\/lumiere_5.JPG\" alt=\"\" width=\"216\" height=\"216\" \/><\/a><\/p>\n<hr \/>\n<p><strong>pied<\/strong> &#8211; s\u00e9rie commenc\u00e9e en 2000<\/p>\n<p style=\"padding-left: 30px;\"><a href=\"https:\/\/didierlemarchand.net\/site\/portfolio-2\/minuties\/pied\/\"><img loading=\"lazy\" decoding=\"async\" class=\"alignnone colorbox-1348\" src=\"http:\/\/www.didierlemarchand.net\/4_site_nouveau\/portfolio-N2\/epiphanie_N2\/pied.JPG\" alt=\"\" width=\"216\" height=\"216\" \/><\/a><\/p>\n<hr \/>\n<p><strong>trottoir<\/strong> &#8211; s\u00e9rie commenc\u00e9e en 2009<\/p>\n<p style=\"padding-left: 30px;\"><a href=\"https:\/\/didierlemarchand.net\/site\/portfolio-2\/minuties\/trottoir\/\"><img loading=\"lazy\" decoding=\"async\" class=\"alignnone colorbox-1348\" src=\"http:\/\/www.didierlemarchand.net\/4_site_nouveau\/portfolio-N2\/epiphanie_N2\/trottoir.JPG\" alt=\"\" width=\"216\" height=\"216\" \/><\/a><\/p>\n<hr \/>\n<p><strong>vitre 1<\/strong> &#8211; s\u00e9rie commenc\u00e9e en 2006<\/p>\n<p style=\"padding-left: 30px;\"><a href=\"https:\/\/didierlemarchand.net\/site\/portfolio-2\/minuties\/vitre1\/\"><img loading=\"lazy\" decoding=\"async\" class=\"alignnone colorbox-1348\" src=\"http:\/\/www.didierlemarchand.net\/4_site_nouveau\/portfolio-N2\/epiphanie_N2\/vitre_1.JPG\" alt=\"\" width=\"216\" height=\"216\" \/><\/a><\/p>\n<hr \/>\n<p><strong>vitre 2<\/strong> &#8211; s\u00e9rie commenc\u00e9e en 2010<\/p>\n<p style=\"padding-left: 30px;\"><a href=\"https:\/\/didierlemarchand.net\/site\/portfolio-2\/minuties\/vitre2\/\"><img loading=\"lazy\" decoding=\"async\" class=\"alignnone colorbox-1348\" src=\"http:\/\/www.didierlemarchand.net\/4_site_nouveau\/portfolio-N2\/epiphanie_N2\/vitre_2.JPG\" alt=\"\" width=\"216\" height=\"216\" \/><\/a><\/p>\n<hr \/>\n<p><strong>vitre 4<\/strong> &#8211; s\u00e9rie commenc\u00e9e en 2003<\/p>\n<p style=\"padding-left: 30px;\"><a href=\"https:\/\/didierlemarchand.net\/site\/portfolio-2\/minuties\/vitre4\/\"><img loading=\"lazy\" decoding=\"async\" class=\"alignnone colorbox-1348\" src=\"http:\/\/www.didierlemarchand.net\/4_site_nouveau\/portfolio-N2\/epiphanie_N2\/vitre_4.JPG\" alt=\"\" width=\"216\" height=\"216\" \/><\/a><\/p>\n","protected":false},"excerpt":{"rendered":"<p>Dans l&rsquo;infinitude notre champ de vision, certaines choses s&rsquo;imposent \u00e0 notre regard. &nbsp; ciel 1 &#8211; s\u00e9rie commenc\u00e9e en 2011 <span class=\"ellipsis\">&hellip;<\/span> <span class=\"more-link-wrap\"><a href=\"https:\/\/didierlemarchand.net\/site\/portfolio-2\/minuties\/\" class=\"more-link\"><span>Continue Reading &rarr;<\/span><\/a><\/span><\/p>\n","protected":false},"author":2,"featured_media":0,"parent":1164,"menu_order":79,"comment_status":"closed","ping_status":"closed","template":"","meta":{"_seopress_robots_primary_cat":"","_seopress_titles_title":"","_seopress_titles_desc":"","_seopress_robots_index":"","footnotes":""},"_links":{"self":[{"href":"https:\/\/didierlemarchand.net\/site\/wp-json\/wp\/v2\/pages\/1348"}],"collection":[{"href":"https:\/\/didierlemarchand.net\/site\/wp-json\/wp\/v2\/pages"}],"about":[{"href":"https:\/\/didierlemarchand.net\/site\/wp-json\/wp\/v2\/types\/page"}],"author":[{"embeddable":true,"href":"https:\/\/didierlemarchand.net\/site\/wp-json\/wp\/v2\/users\/2"}],"replies":[{"embeddable":true,"href":"https:\/\/didierlemarchand.net\/site\/wp-json\/wp\/v2\/comments?post=1348"}],"version-history":[{"count":39,"href":"https:\/\/didierlemarchand.net\/site\/wp-json\/wp\/v2\/pages\/1348\/revisions"}],"predecessor-version":[{"id":20454,"href":"https:\/\/didierlemarchand.net\/site\/wp-json\/wp\/v2\/pages\/1348\/revisions\/20454"}],"up":[{"embeddable":true,"href":"https:\/\/didierlemarchand.net\/site\/wp-json\/wp\/v2\/pages\/1164"}],"wp:attachment":[{"href":"https:\/\/didierlemarchand.net\/site\/wp-json\/wp\/v2\/media?parent=1348"}],"curies":[{"name":"wp","href":"https:\/\/api.w.org\/{rel}","templated":true}]}}