{"id":1342,"date":"2018-01-18T11:32:02","date_gmt":"2018-01-18T10:32:02","guid":{"rendered":"http:\/\/didierlemarchand.net\/site\/?page_id=1342"},"modified":"2025-10-13T08:11:47","modified_gmt":"2025-10-13T06:11:47","slug":"vanite","status":"publish","type":"page","link":"https:\/\/didierlemarchand.net\/site\/portfolio-2\/vanite\/","title":{"rendered":"vanit\u00e9"},"content":{"rendered":"<h4><em>Capter l&rsquo;\u00e9ph\u00e9m\u00e8re condition de l&rsquo;existence au XXI\u00e8me si\u00e8cle.<\/em><strong><br \/>\n<\/strong><\/h4>\n<hr \/>\n<p><span style=\"line-height: 1.5em;\"><strong>vanit\u00e9 11<\/strong> &#8211; 2020-2024<br \/>\n<\/span><\/p>\n<p style=\"padding-left: 30px;\"><a href=\"https:\/\/didierlemarchand.net\/site\/portfolio-2\/vanite\/vanite-11\/\"><img loading=\"lazy\" decoding=\"async\" class=\"alignnone colorbox-1342\" src=\"http:\/\/didierlemarchand.net\/4_site_nouveau\/portfolio-N2\/vanite_N2\/vanite_04_02.jpg\" alt=\"\" width=\"216\" height=\"216\" \/><\/a><\/p>\n<hr \/>\n<p><span style=\"line-height: 1.5em;\"><strong>vanit\u00e9 10<\/strong> &#8211; 2020-2023<br \/>\n<\/span><\/p>\n<p style=\"padding-left: 30px;\"><a href=\"https:\/\/didierlemarchand.net\/site\/portfolio-2\/vanite\/vanite-10\/\"><img loading=\"lazy\" decoding=\"async\" class=\"alignnone colorbox-1342\" src=\"http:\/\/didierlemarchand.net\/4_site_nouveau\/portfolio-N2\/vanite_N2\/vanite_17.jpg\" alt=\"\" width=\"357\" height=\"177\" \/><\/a><\/p>\n<hr \/>\n<p><span style=\"line-height: 1.5em;\"><strong>vanit\u00e9 9.2<\/strong> &#8211; s\u00e9rie commenc\u00e9e en 2015<\/span><\/p>\n<p style=\"padding-left: 30px;\"><a href=\"https:\/\/didierlemarchand.net\/site\/portfolio-2\/vanite\/vanite_9-2\/\"><img loading=\"lazy\" decoding=\"async\" class=\"alignnone colorbox-1342\" src=\"http:\/\/didierlemarchand.net\/4_site_nouveau\/portfolio-N2\/vanite_N2\/vanite_12.jpg\" alt=\"\" width=\"357\" height=\"177\" \/><\/a><\/p>\n<hr \/>\n<p><span style=\"line-height: 1.5em;\"><strong>vanit\u00e9 5.1<\/strong> &#8211; s\u00e9rie commenc\u00e9e en 2008<\/span><\/p>\n<p style=\"padding-left: 30px;\"><a href=\"https:\/\/didierlemarchand.net\/site\/portfolio-2\/vanite\/vanite-5.1\/\"><img loading=\"lazy\" decoding=\"async\" class=\"alignnone colorbox-1342\" src=\"http:\/\/didierlemarchand.net\/4_site_nouveau\/portfolio-N2\/vanite_N2\/vanite_9_1.JPG\" alt=\"\" width=\"216\" height=\"216\" \/><\/a><\/p>\n<hr \/>\n<p><span style=\"line-height: 1.5em;\"><strong>vanit\u00e9 4.3<\/strong>\u00a0&#8211; s\u00e9rie commenc\u00e9e en 2008<\/span><\/p>\n<p style=\"padding-left: 30px;\"><a href=\"https:\/\/didierlemarchand.net\/site\/portfolio-2\/vanite-4-3\/\"><img class=\"colorbox-1342\"  loading=\"lazy\" decoding=\"async\" src=\"http:\/\/didierlemarchand.net\/4_site_nouveau\/portfolio-N2\/vanite_N2\/vanite_04_3.JPG\" alt=\"vanit\u00e9 4.3\" width=\"216\" height=\"216\" border=\"0\" \/><\/a><\/p>\n<hr \/>\n<p><span style=\"line-height: 1.5em;\"><strong>vanit\u00e9 4.2<\/strong>\u00a0&#8211; s\u00e9rie commenc\u00e9e en 2008<\/span><\/p>\n<p style=\"padding-left: 30px;\"><a href=\"https:\/\/didierlemarchand.net\/site\/portfolio-2\/vanite-4-2\/\"><img class=\"colorbox-1342\"  loading=\"lazy\" decoding=\"async\" src=\"http:\/\/didierlemarchand.net\/4_site_nouveau\/portfolio-N2\/vanite_N2\/vanite_04_2.JPG\" alt=\"vanit\u00e9 4.2\" width=\"216\" height=\"216\" border=\"0\" \/><\/a><\/p>\n<hr \/>\n<p><span style=\"line-height: 1.5em;\"><strong>vanit\u00e9 4.1<\/strong>\u00a0&#8211; s\u00e9rie commenc\u00e9e en 2006<\/span><\/p>\n<p style=\"padding-left: 30px;\"><a href=\"https:\/\/didierlemarchand.net\/site\/prises-de-vue\/vanite-4-1\/\"><img class=\"colorbox-1342\"  loading=\"lazy\" decoding=\"async\" src=\"http:\/\/didierlemarchand.net\/4_site_nouveau\/portfolio-N2\/vanite_N2\/vanite_02.jpg\" alt=\"vanit\u00e9 4.1\" width=\"216\" height=\"216\" border=\"0\" \/><\/a><\/p>\n<hr \/>\n<p><span style=\"line-height: 1.5em;\"><strong>vanit\u00e9 3.4<\/strong> &#8211; s\u00e9rie commenc\u00e9e en 2006<\/span><\/p>\n<p style=\"padding-left: 30px;\"><a href=\"https:\/\/didierlemarchand.net\/site\/portfolio-2\/vanite\/vanite-3-1\/\"><img loading=\"lazy\" decoding=\"async\" class=\"alignnone colorbox-1342\" src=\"http:\/\/didierlemarchand.net\/4_site_nouveau\/portfolio-N2\/vanite_N2\/vanite_13.JPG\" alt=\"\" width=\"216\" height=\"216\" \/><\/a><\/p>\n<hr \/>\n<p><strong>vanit\u00e9 2.4.1<\/strong> &#8211; s\u00e9rie commenc\u00e9e en 2006<\/p>\n<p style=\"padding-left: 30px;\"><a href=\"https:\/\/didierlemarchand.net\/site\/portfolio-2\/vanite\/vanite-2-4\"><img loading=\"lazy\" decoding=\"async\" class=\"alignnone colorbox-1342\" src=\"http:\/\/didierlemarchand.net\/4_site_nouveau\/portfolio-N2\/vanite_N2\/vanite_16_1.JPG\" alt=\"\" width=\"216\" height=\"216\" \/><\/a><\/p>\n<hr \/>\n<p><strong>vanit\u00e9 2.1<\/strong> &#8211; s\u00e9rie commenc\u00e9e en 2006<\/p>\n<p style=\"padding-left: 30px;\"><a href=\"https:\/\/didierlemarchand.net\/site\/portfolio-2\/vanite\/vanite-2.1\/\"><img loading=\"lazy\" decoding=\"async\" class=\"alignnone size-medium colorbox-1342\" src=\"http:\/\/didierlemarchand.net\/4_site_nouveau\/portfolio-N2\/vanite_N2\/vanite_8_1.JPG\" width=\"216\" height=\"216\" \/><\/a><\/p>\n<hr \/>\n<p><span style=\"line-height: 1.5em;\"><strong>vanit\u00e9 1.1 : vigilance\/propret\u00e9<\/strong> &#8211; 2005<br \/>\n<\/span><\/p>\n<p style=\"padding-left: 30px;\"><a href=\"https:\/\/didierlemarchand.net\/site\/prises-de-vue\/vanite-1\/\"><img class=\"colorbox-1342\"  loading=\"lazy\" decoding=\"async\" src=\"http:\/\/didierlemarchand.net\/4_site_nouveau\/portfolio-N2\/vanite_N2\/vanite_01.jpg\" alt=\"vanit\u00e9 1\" width=\"216\" height=\"216\" border=\"0\" \/><\/a><\/p>\n","protected":false},"excerpt":{"rendered":"<p>Capter l&rsquo;\u00e9ph\u00e9m\u00e8re condition de l&rsquo;existence au XXI\u00e8me si\u00e8cle. vanit\u00e9 11 &#8211; 2020-2024 vanit\u00e9 10 &#8211; 2020-2023 vanit\u00e9 9.2 &#8211; s\u00e9rie <span class=\"ellipsis\">&hellip;<\/span> <span class=\"more-link-wrap\"><a href=\"https:\/\/didierlemarchand.net\/site\/portfolio-2\/vanite\/\" class=\"more-link\"><span>Continue Reading &rarr;<\/span><\/a><\/span><\/p>\n","protected":false},"author":2,"featured_media":0,"parent":1164,"menu_order":88,"comment_status":"closed","ping_status":"closed","template":"","meta":{"_seopress_robots_primary_cat":"","_seopress_titles_title":"","_seopress_titles_desc":"","_seopress_robots_index":"","footnotes":""},"_links":{"self":[{"href":"https:\/\/didierlemarchand.net\/site\/wp-json\/wp\/v2\/pages\/1342"}],"collection":[{"href":"https:\/\/didierlemarchand.net\/site\/wp-json\/wp\/v2\/pages"}],"about":[{"href":"https:\/\/didierlemarchand.net\/site\/wp-json\/wp\/v2\/types\/page"}],"author":[{"embeddable":true,"href":"https:\/\/didierlemarchand.net\/site\/wp-json\/wp\/v2\/users\/2"}],"replies":[{"embeddable":true,"href":"https:\/\/didierlemarchand.net\/site\/wp-json\/wp\/v2\/comments?post=1342"}],"version-history":[{"count":66,"href":"https:\/\/didierlemarchand.net\/site\/wp-json\/wp\/v2\/pages\/1342\/revisions"}],"predecessor-version":[{"id":20576,"href":"https:\/\/didierlemarchand.net\/site\/wp-json\/wp\/v2\/pages\/1342\/revisions\/20576"}],"up":[{"embeddable":true,"href":"https:\/\/didierlemarchand.net\/site\/wp-json\/wp\/v2\/pages\/1164"}],"wp:attachment":[{"href":"https:\/\/didierlemarchand.net\/site\/wp-json\/wp\/v2\/media?parent=1342"}],"curies":[{"name":"wp","href":"https:\/\/api.w.org\/{rel}","templated":true}]}}