{"id":1315,"date":"2018-01-18T09:44:04","date_gmt":"2018-01-18T08:44:04","guid":{"rendered":"http:\/\/didierlemarchand.net\/site\/?page_id=1315"},"modified":"2023-04-26T17:28:43","modified_gmt":"2023-04-26T15:28:43","slug":"mots","status":"publish","type":"page","link":"https:\/\/didierlemarchand.net\/site\/portfolio-2\/mots\/","title":{"rendered":"graphies"},"content":{"rendered":"<h4><em>Des images de mots, des mots qui accompagnent des images et vice versa.<\/em><\/h4>\n<p>&nbsp;<\/p>\n<hr \/>\n<p><strong>melting poste<\/strong> &#8211; 2012<\/p>\n<p style=\"padding-left: 30px;\"><a href=\"https:\/\/didierlemarchand.net\/site\/portfolio-2\/mots\/melting-poste\/\" rel=\"noopener\"><img loading=\"lazy\" decoding=\"async\" class=\"alignnone colorbox-1315\" src=\"http:\/\/www.didierlemarchand.net\/4_site_nouveau\/portfolio-N2\/mot_N2\/meltinposte.jpg\" alt=\"declic2\" width=\"216\" height=\"216\" border=\"0\" \/><\/a><\/p>\n<hr \/>\n<p><strong>declics 2<\/strong> &#8211; 2008\/2012<\/p>\n<p style=\"padding-left: 30px;\"><a href=\"https:\/\/didierlemarchand.net\/site\/declics-2\/\"><img loading=\"lazy\" decoding=\"async\" class=\"alignnone size-medium colorbox-1315\" src=\"http:\/\/www.didierlemarchand.net\/4_site_nouveau\/portfolio-N2\/mot_N2\/declic_2.jpg\" width=\"245\" height=\"216\" \/><\/a><\/p>\n<hr \/>\n<p><strong>Les jours d&rsquo;\u00e9cume<\/strong> &#8211; 2012 &#8211; couverture et illustration du livre de Patrick Werstink &#8211; Ed. Corps Puce<\/p>\n<p style=\"padding-left: 30px;\"><a href=\"https:\/\/didierlemarchand.net\/site\/joursecume\/\"><img loading=\"lazy\" decoding=\"async\" class=\"alignnone size-medium colorbox-1315\" src=\"http:\/\/www.didierlemarchand.net\/4_site_nouveau\/portfolio-N2\/mot_N2\/jourEcume.jpg\" width=\"218\" height=\"216\" \/><\/a><\/p>\n<hr \/>\n<p><strong>Entre veille et sommeil<\/strong> &#8211; 2010 &#8211; couverture et illustration du livre de Philippe Quinta &#8211; Ed. Corps Puce<\/p>\n<p style=\"padding-left: 30px;\"><a href=\"https:\/\/didierlemarchand.net\/site\/ecrits\/entre-veille-et-sommeil\/\"><img loading=\"lazy\" decoding=\"async\" class=\"alignnone size-medium colorbox-1315\" src=\"http:\/\/www.didierlemarchand.net\/4_site_nouveau\/portfolio-N2\/mot_N2\/veilleSommeil.jpg\" width=\"218\" height=\"216\" \/><\/a><\/p>\n<hr \/>\n<p><strong>On joue tout seul<\/strong> &#8211; 2010 &#8211; couverture et illustration du livre d&rsquo; Alain Helissen &#8211; Ed. Corps Puce<\/p>\n<p style=\"padding-left: 30px;\"><a href=\"https:\/\/didierlemarchand.net\/site\/ecrits\/on-joue-tout-seul\/\"><img loading=\"lazy\" decoding=\"async\" class=\"alignnone size-medium colorbox-1315\" src=\"http:\/\/www.didierlemarchand.net\/4_site_nouveau\/portfolio-N2\/mot_N2\/joueToutSeul.jpg\" width=\"218\" height=\"216\" \/><\/a><\/p>\n<hr \/>\n<p><strong>mot 4<\/strong> &#8211; 2008<\/p>\n<p style=\"padding-left: 30px;\"><a href=\"https:\/\/didierlemarchand.net\/site\/portfolio-2\/mots\/mot-4\/\"><img loading=\"lazy\" decoding=\"async\" class=\"alignnone size-medium colorbox-1315\" src=\"http:\/\/www.didierlemarchand.net\/4_site_nouveau\/portfolio-N2\/mot_N2\/mot_04.JPG\" width=\"216\" height=\"216\" \/><\/a><\/p>\n<hr \/>\n<p><strong>mot 3<\/strong> &#8211; 2008<\/p>\n<p style=\"padding-left: 30px;\"><a href=\"https:\/\/didierlemarchand.net\/site\/portfolio-2\/mots\/mot-03\/\"><img class=\"colorbox-1315\"  loading=\"lazy\" decoding=\"async\" src=\"http:\/\/www.didierlemarchand.net\/4_site_nouveau\/portfolio-N2\/mot_N2\/mot_03.JPG\" alt=\"mot 3\" width=\"216\" height=\"216\" border=\"0\" \/><\/a><\/p>\n<hr \/>\n<p><strong>\u00e9chapp\u00e9es du r\u00e9cit<\/strong> &#8211; 2008<\/p>\n<p style=\"padding-left: 30px;\"><a href=\"https:\/\/didierlemarchand.net\/site\/portfolio-2\/mots\/echappees-du-recit\/\"><img class=\"colorbox-1315\"  loading=\"lazy\" decoding=\"async\" src=\"http:\/\/www.didierlemarchand.net\/4_site_nouveau\/portfolio-N2\/mot_N2\/echappee.jpg\" alt=\"\u00e9chapp\u00e9es du r\u00e9cit 3\" width=\"216\" height=\"216\" border=\"0\" \/><\/a><\/p>\n<hr \/>\n<p><strong>accident 6<\/strong> &#8211; 2006<\/p>\n<p style=\"padding-left: 30px;\"><a href=\"https:\/\/didierlemarchand.net\/site\/prises-dimages\/accident6\/\"><img class=\"colorbox-1315\"  loading=\"lazy\" decoding=\"async\" src=\"http:\/\/www.didierlemarchand.net\/4_site_nouveau\/portfolio-N2\/mot_N2\/accident_06.jpg\" alt=\"accident 6\" width=\"250\" height=\"186\" border=\"0\" \/><\/a><\/p>\n<hr \/>\n<p><strong>accident 8<\/strong> &#8211; 2005<\/p>\n<p style=\"padding-left: 30px;\"><a href=\"https:\/\/didierlemarchand.net\/site\/portfolio-2\/mots\/accident-08\/\"><img class=\"colorbox-1315\"  loading=\"lazy\" decoding=\"async\" src=\"http:\/\/www.didierlemarchand.net\/4_site_nouveau\/portfolio-N2\/mot_N2\/accident_08.jpg\" alt=\"accident 8\" width=\"216\" height=\"216\" border=\"0\" \/><\/a><\/p>\n<hr \/>\n<p><strong>d\u00e9clics 1<\/strong> &#8211; 2001<\/p>\n<p style=\"padding-left: 30px;\">\u00a0<a href=\"https:\/\/didierlemarchand.net\/site\/portfolio-2\/mots\/declics-1\/\"><img loading=\"lazy\" decoding=\"async\" class=\"alignnone size-medium colorbox-1315\" src=\"http:\/\/www.didierlemarchand.net\/4_site_nouveau\/portfolio-N2\/mot_N2\/declic_1.jpg\" width=\"265\" height=\"190\" \/><\/a><\/p>\n<hr \/>\n<p><strong>\u00e0 poil, \u00e0 plume <\/strong>&#8211; 2001<\/p>\n<p style=\"padding-left: 30px;\"><a href=\"https:\/\/didierlemarchand.net\/site\/ecrits\/a-poil-a-plume\/\"><img class=\"colorbox-1315\"  decoding=\"async\" src=\"http:\/\/www.didierlemarchand.net\/4_site_nouveau\/portfolio-N2\/mot_N2\/aplume.jpg\" alt=\"a poil, a plume\" height=\"150\" border=\"0\" \/><\/a><\/p>\n<hr \/>\n","protected":false},"excerpt":{"rendered":"<p>Des images de mots, des mots qui accompagnent des images et vice versa. &nbsp; melting poste &#8211; 2012 declics 2 <span class=\"ellipsis\">&hellip;<\/span> <span class=\"more-link-wrap\"><a href=\"https:\/\/didierlemarchand.net\/site\/portfolio-2\/mots\/\" class=\"more-link\"><span>Continue Reading &rarr;<\/span><\/a><\/span><\/p>\n","protected":false},"author":2,"featured_media":0,"parent":1164,"menu_order":76,"comment_status":"closed","ping_status":"closed","template":"","meta":{"_seopress_robots_primary_cat":"","_seopress_titles_title":"","_seopress_titles_desc":"","_seopress_robots_index":"","footnotes":""},"_links":{"self":[{"href":"https:\/\/didierlemarchand.net\/site\/wp-json\/wp\/v2\/pages\/1315"}],"collection":[{"href":"https:\/\/didierlemarchand.net\/site\/wp-json\/wp\/v2\/pages"}],"about":[{"href":"https:\/\/didierlemarchand.net\/site\/wp-json\/wp\/v2\/types\/page"}],"author":[{"embeddable":true,"href":"https:\/\/didierlemarchand.net\/site\/wp-json\/wp\/v2\/users\/2"}],"replies":[{"embeddable":true,"href":"https:\/\/didierlemarchand.net\/site\/wp-json\/wp\/v2\/comments?post=1315"}],"version-history":[{"count":56,"href":"https:\/\/didierlemarchand.net\/site\/wp-json\/wp\/v2\/pages\/1315\/revisions"}],"predecessor-version":[{"id":20298,"href":"https:\/\/didierlemarchand.net\/site\/wp-json\/wp\/v2\/pages\/1315\/revisions\/20298"}],"up":[{"embeddable":true,"href":"https:\/\/didierlemarchand.net\/site\/wp-json\/wp\/v2\/pages\/1164"}],"wp:attachment":[{"href":"https:\/\/didierlemarchand.net\/site\/wp-json\/wp\/v2\/media?parent=1315"}],"curies":[{"name":"wp","href":"https:\/\/api.w.org\/{rel}","templated":true}]}}