{"id":1300,"date":"2018-01-17T23:02:45","date_gmt":"2018-01-17T22:02:45","guid":{"rendered":"http:\/\/didierlemarchand.net\/site\/?page_id=1300"},"modified":"2025-10-08T14:13:21","modified_gmt":"2025-10-08T12:13:21","slug":"resurgences","status":"publish","type":"page","link":"https:\/\/didierlemarchand.net\/site\/portfolio-2\/resurgences\/","title":{"rendered":"r\u00e9surgences"},"content":{"rendered":"<h4><em>Revisiter les mus\u00e9es.<\/em><\/h4>\n<hr \/>\n<p><strong>r\u00e9surgence 5.2<\/strong> <strong>: rester sur la r\u00e9serve<\/strong> &#8211; 2024<\/p>\n<p style=\"padding-left: 30px;\"><a href=\"https:\/\/didierlemarchand.net\/site\/portfolio-2\/resurgences\/5-2\/\"><img loading=\"lazy\" decoding=\"async\" class=\"alignnone size-medium colorbox-1300\" src=\"http:\/\/didierlemarchand.net\/4_site_nouveau\/portfolio-N2\/resurgence_N2\/resurgence-5-3.jpg\" width=\"216\" height=\"216\" \/><\/a><\/p>\n<hr \/>\n<p><strong>r\u00e9surgence 5.1<\/strong> <strong>: muser sans r\u00e9serve<\/strong> &#8211; 2016<\/p>\n<p style=\"padding-left: 30px;\"><a href=\"http:\/\/didierlemarchand.net\/site\/portfolio-2\/resurgences\/5-1\/\"><img loading=\"lazy\" decoding=\"async\" class=\"alignnone size-medium colorbox-1300\" src=\"http:\/\/didierlemarchand.net\/4_site_nouveau\/portfolio-N2\/resurgence_N2\/resurgence_10_30.JPG\" width=\"216\" height=\"216\" \/><\/a><\/p>\n<hr \/>\n<p><strong>r\u00e9surgence 4.4<\/strong> <strong>: Natzweiler<\/strong> &#8211; 2015<\/p>\n<p style=\"padding-left: 30px;\"><a href=\"http:\/\/didierlemarchand.net\/site\/portfolio-2\/resurgences\/4-4\/\"><img loading=\"lazy\" decoding=\"async\" class=\"alignnone size-medium colorbox-1300\" src=\"http:\/\/didierlemarchand.net\/4_site_nouveau\/portfolio-N2\/resurgence_N2\/resurgence_9.JPG\" width=\"216\" height=\"216\" \/><\/a><\/p>\n<hr \/>\n<p><strong>r\u00e9surgence 3.3 : des outils pour la vie<\/strong> &#8211; 2012<\/p>\n<p style=\"padding-left: 30px;\"><a href=\"https:\/\/didierlemarchand.net\/site\/portfolio-2\/resurgences\/3-3\/\"><img loading=\"lazy\" decoding=\"async\" class=\"alignnone colorbox-1300\" src=\"http:\/\/didierlemarchand.net\/4_site_nouveau\/portfolio-N2\/resurgence_N2\/resurgence_6.jpg\" alt=\"outils pour la vie\" width=\"216\" height=\"216\" border=\"0\" \/><\/a><\/p>\n<hr \/>\n<p><strong>r\u00e9surgence 3.7 : faire voile<\/strong> &#8211; s\u00e9rie d\u00e9velopp\u00e9e depuis 2005<\/p>\n<p style=\"padding-left: 30px;\"><a href=\"https:\/\/didierlemarchand.net\/site\/portfolio-2\/resurgences\/3-7\/\"><img loading=\"lazy\" decoding=\"async\" class=\"alignnone colorbox-1300\" src=\"http:\/\/didierlemarchand.net\/4_site_nouveau\/portfolio-N2\/resurgence_N2\/resurgence_05.jpeg\" alt=\"faire voile\" width=\"216\" height=\"216\" border=\"0\" \/><\/a><\/p>\n<hr \/>\n<p><span style=\"line-height: 1.5em;\"><strong>r\u00e9surgence 4.2 : Theresienstadt<\/strong> &#8211; 2002<\/span><\/p>\n<p style=\"padding-left: 30px;\"><a href=\"https:\/\/didierlemarchand.net\/site\/portfolio-2\/resurgences\/4-2\/\"><img loading=\"lazy\" decoding=\"async\" class=\"alignnone colorbox-1300\" src=\"http:\/\/didierlemarchand.net\/4_site_nouveau\/portfolio-N2\/resurgence_N2\/terezin.jpg\" alt=\"T\u00e9r\u00e9zin\" width=\"357\" height=\"177\" border=\"0\" \/><\/a><\/p>\n<hr \/>\n<p><strong>r\u00e9surgence 3.1.6<\/strong> &#8211; 2012<\/p>\n<p style=\"padding-left: 30px;\"><a href=\"http:\/\/didierlemarchand.net\/site\/portfolio-2\/resurgences\/3-1-6\/\"><img class=\"colorbox-1300\"  decoding=\"async\" src=\"http:\/\/didierlemarchand.net\/4_site_nouveau\/portfolio-N2\/resurgence_N2\/resurgence_08.jpg\" alt=\"resurgence8\" height=\"216\" border=\"0\" \/><\/a><\/p>\n<hr \/>\n<p><span style=\"line-height: 1.5em;\"><strong>r\u00e9surgence 1.2<\/strong> &#8211; 2001<\/span><\/p>\n<p style=\"padding-left: 30px;\"><a href=\"http:\/\/didierlemarchand.net\/site\/portfolio-2\/resurgences\/1-1-2\/\"><img class=\"colorbox-1300\"  loading=\"lazy\" decoding=\"async\" src=\"http:\/\/didierlemarchand.net\/4_site_nouveau\/portfolio-N2\/resurgence_N2\/resurgence_02.jpg\" alt=\"r\u00e9surgence 2\" width=\"248\" height=\"186\" border=\"0\" \/><\/a><\/p>\n<hr \/>\n<p><span style=\"line-height: 1.5em;\"><strong>r\u00e9surgence 1.1<\/strong> &#8211; 2001<\/span><\/p>\n<p style=\"padding-left: 30px;\"><a href=\"http:\/\/didierlemarchand.net\/site\/portfolio-2\/resurgences\/1-1-1\/\"><img class=\"colorbox-1300\"  loading=\"lazy\" decoding=\"async\" src=\"http:\/\/didierlemarchand.net\/4_site_nouveau\/portfolio-N2\/resurgence_N2\/resurgence_01.jpg\" alt=\"r\u00e9surgence 1\" width=\"248\" height=\"186\" border=\"0\" \/><\/a><\/p>\n<hr \/>\n","protected":false},"excerpt":{"rendered":"<p>Revisiter les mus\u00e9es. r\u00e9surgence 5.2 : rester sur la r\u00e9serve &#8211; 2024 r\u00e9surgence 5.1 : muser sans r\u00e9serve &#8211; 2016 <span class=\"ellipsis\">&hellip;<\/span> <span class=\"more-link-wrap\"><a href=\"https:\/\/didierlemarchand.net\/site\/portfolio-2\/resurgences\/\" class=\"more-link\"><span>Continue Reading &rarr;<\/span><\/a><\/span><\/p>\n","protected":false},"author":2,"featured_media":0,"parent":1164,"menu_order":83,"comment_status":"closed","ping_status":"closed","template":"","meta":{"_seopress_robots_primary_cat":"","_seopress_titles_title":"","_seopress_titles_desc":"","_seopress_robots_index":"","footnotes":""},"_links":{"self":[{"href":"https:\/\/didierlemarchand.net\/site\/wp-json\/wp\/v2\/pages\/1300"}],"collection":[{"href":"https:\/\/didierlemarchand.net\/site\/wp-json\/wp\/v2\/pages"}],"about":[{"href":"https:\/\/didierlemarchand.net\/site\/wp-json\/wp\/v2\/types\/page"}],"author":[{"embeddable":true,"href":"https:\/\/didierlemarchand.net\/site\/wp-json\/wp\/v2\/users\/2"}],"replies":[{"embeddable":true,"href":"https:\/\/didierlemarchand.net\/site\/wp-json\/wp\/v2\/comments?post=1300"}],"version-history":[{"count":66,"href":"https:\/\/didierlemarchand.net\/site\/wp-json\/wp\/v2\/pages\/1300\/revisions"}],"predecessor-version":[{"id":20548,"href":"https:\/\/didierlemarchand.net\/site\/wp-json\/wp\/v2\/pages\/1300\/revisions\/20548"}],"up":[{"embeddable":true,"href":"https:\/\/didierlemarchand.net\/site\/wp-json\/wp\/v2\/pages\/1164"}],"wp:attachment":[{"href":"https:\/\/didierlemarchand.net\/site\/wp-json\/wp\/v2\/media?parent=1300"}],"curies":[{"name":"wp","href":"https:\/\/api.w.org\/{rel}","templated":true}]}}