{"id":1164,"date":"2018-01-17T11:34:56","date_gmt":"2018-01-17T10:34:56","guid":{"rendered":"http:\/\/didierlemarchand.net\/site\/?page_id=1164"},"modified":"2023-02-07T19:24:38","modified_gmt":"2023-02-07T18:24:38","slug":"portfolio-2","status":"publish","type":"page","link":"https:\/\/didierlemarchand.net\/site\/","title":{"rendered":"portfolio"},"content":{"rendered":"\n<table id=\"tablepress-6\" class=\"tablepress tablepress-id-6\">\n<tbody>\n<tr class=\"row-1\">\n\t<td class=\"column-1\"><a href=\"https:\/\/didierlemarchand.net\/site\/portfolio-2\/espace\/\"><img loading=\"lazy\" decoding=\"async\" src=\"https:\/\/didierlemarchand.net\/4_site_nouveau\/portfolio-N1\/espace_N1_2.JPG\" width=\"438\" height=\"438\" class=\"alignnone size-medium colorbox-1164\" \/><\/a><\/td><td class=\"column-2\"><a href=\"https:\/\/didierlemarchand.net\/site\/portfolio-2\/presence\/\"><img loading=\"lazy\" decoding=\"async\" src=\"https:\/\/didierlemarchand.net\/4_site_nouveau\/portfolio-N1\/presence_N1_2.JPG\" width=\"438\" height=\"438\" class=\"alignnone size-medium colorbox-1164\" \/><\/a><\/td><td class=\"column-3\"><a href=\"https:\/\/didierlemarchand.net\/site\/portfolio-2\/resurgences\/\"><img loading=\"lazy\" decoding=\"async\" src=\"https:\/\/didierlemarchand.net\/4_site_nouveau\/portfolio-N1\/resurgence_N1_2.JPG\" width=\"438\" height=\"438\" class=\"alignnone size-medium colorbox-1164\" \/><\/a><\/td>\n<\/tr>\n<tr class=\"row-2\">\n\t<td class=\"column-1\"><h5 style=\"text-align: center;\"><a href=\"https:\/\/didierlemarchand.net\/site\/portfolio-2\/espace\/\">espaces<\/a><\/h5><\/td><td class=\"column-2\"><h5 style=\"text-align: center;\"><a href=\"https:\/\/didierlemarchand.net\/site\/presence\/\">pr\u00e9sences<\/a><\/h5><br \/>\n<\/td><td class=\"column-3\"><h5 style=\"text-align: center;\"><a href=\"https:\/\/didierlemarchand.net\/site\/portfolio-2\/resurgences\/\">r\u00e9surgences<\/a><\/h5><br \/>\n<\/td>\n<\/tr>\n<tr class=\"row-3\">\n\t<td class=\"column-1\"><a href=\"https:\/\/didierlemarchand.net\/site\/portfolio-2\/vanite\/\"><img loading=\"lazy\" decoding=\"async\" src=\"https:\/\/didierlemarchand.net\/4_site_nouveau\/portfolio-N1\/vanite_N1_2.JPG\" width=\"438\" height=\"438\" class=\"alignnone size-medium colorbox-1164\" \/><\/a><\/td><td class=\"column-2\"><a href=\"https:\/\/didierlemarchand.net\/site\/portfolio-2\/minuties\/\"><img loading=\"lazy\" decoding=\"async\" src=\"https:\/\/didierlemarchand.net\/4_site_nouveau\/portfolio-N1\/epiphanie_N1_2.JPG\" width=\"438\" height=\"438\" class=\"alignnone size-medium colorbox-1164\" \/><\/a><\/td><td class=\"column-3\"><a href=\"https:\/\/didierlemarchand.net\/site\/portfolio-2\/mots\/\"><img loading=\"lazy\" decoding=\"async\" src=\"http:\/\/didierlemarchand.net\/4_site_nouveau\/portfolio-N1\/mot_N1_2.JPG\" width=\"438\" height=\"438\" class=\"alignnone size-medium colorbox-1164\" \/><\/a><\/td>\n<\/tr>\n<tr class=\"row-4\">\n\t<td class=\"column-1\"><h5 style=\"text-align: center;\"><a href=\"https:\/\/didierlemarchand.net\/site\/portfolio-2\/vanite\/\">vanit\u00e9s<\/a><\/h5><\/td><td class=\"column-2\"><h5 style=\"text-align: center;\"><a href=\"https:\/\/didierlemarchand.net\/site\/portfolio-2\/minuties\/\">minuties<\/a><\/h5><br \/>\n<\/td><td class=\"column-3\"><h5 style=\"text-align: center;\"><a href=\"https:\/\/didierlemarchand.net\/site\/mots\/\">graphies<\/a><\/h5><\/td>\n<\/tr>\n<tr class=\"row-5\">\n\t<td class=\"column-1\"><p style=\"text-align: center;\"><span style=\"color: #ffffff;\">......................................................<\/span><\/p><\/td><td class=\"column-2\"><p style=\"text-align: center;\"><span style=\"color: #ffffff;\">......................................................<\/span><\/p><\/td><td class=\"column-3\"><p style=\"text-align: center;\"><span style=\"color: #ffffff;\">......................................................<\/span><\/p><\/td>\n<\/tr>\n<\/tbody>\n<\/table>\n<!-- #tablepress-6 from cache -->\n<p>Des images :<br \/>\nelles parlent du temps qui passe, du quotidien,<br \/>\nelles questionnent ce qui est \u00e0 l\u2019\u0153uvre dans le regard,<br \/>\nelles interrogent le m\u00e9dium qui leur a permis d\u2019apparaitre,<br \/>\nelles sont plus ou moins figuratives,<br \/>\nelles sont produites avec des pratiques qui ont vari\u00e9 au cours des ann\u00e9es.<\/p>\n<p>Un texte de pr\u00e9sentation se trouve \u00e0 la suite des reproductions de chaque s\u00e9rie.<br \/>\nLa plupart des \u0153uvres sont \u00e0 la vente. Vous pouvez obtenir les tarifs sur simple demande.<\/p>\n<p>Le contenu de ce site est mis \u00e0 disposition sous un <a href=\"http:\/\/creativecommons.org\/licenses\/by-nc-nd\/2.0\/fr\/\" target=\"_blank\" rel=\"license noopener\">contrat Creative Commons<\/a>. <a href=\"http:\/\/creativecommons.org\/licenses\/by-nc-nd\/2.0\/fr\/\" target=\"_blank\" rel=\"noopener\"><img class=\"colorbox-1164\"  loading=\"lazy\" decoding=\"async\" src=\"http:\/\/www.didierlemarchand.net\/4_site_nouveau\/portfolio-N1\/copyright.jpg\" alt=\"creative commons\" width=\"88\" height=\"31\" border=\"0\"><\/a><\/p>\n","protected":false},"excerpt":{"rendered":"<p>Des images : elles parlent du temps qui passe, du quotidien, elles questionnent ce qui est \u00e0 l\u2019\u0153uvre dans le <span class=\"ellipsis\">&hellip;<\/span> <span class=\"more-link-wrap\"><a href=\"https:\/\/didierlemarchand.net\/site\/\" class=\"more-link\"><span>Continue Reading &rarr;<\/span><\/a><\/span><\/p>\n","protected":false},"author":2,"featured_media":0,"parent":0,"menu_order":66,"comment_status":"closed","ping_status":"closed","template":"","meta":{"_seopress_robots_primary_cat":"","_seopress_titles_title":"%%sitetitle%%","_seopress_titles_desc":"#description","_seopress_robots_index":"","footnotes":""},"_links":{"self":[{"href":"https:\/\/didierlemarchand.net\/site\/wp-json\/wp\/v2\/pages\/1164"}],"collection":[{"href":"https:\/\/didierlemarchand.net\/site\/wp-json\/wp\/v2\/pages"}],"about":[{"href":"https:\/\/didierlemarchand.net\/site\/wp-json\/wp\/v2\/types\/page"}],"author":[{"embeddable":true,"href":"https:\/\/didierlemarchand.net\/site\/wp-json\/wp\/v2\/users\/2"}],"replies":[{"embeddable":true,"href":"https:\/\/didierlemarchand.net\/site\/wp-json\/wp\/v2\/comments?post=1164"}],"version-history":[{"count":55,"href":"https:\/\/didierlemarchand.net\/site\/wp-json\/wp\/v2\/pages\/1164\/revisions"}],"predecessor-version":[{"id":20356,"href":"https:\/\/didierlemarchand.net\/site\/wp-json\/wp\/v2\/pages\/1164\/revisions\/20356"}],"wp:attachment":[{"href":"https:\/\/didierlemarchand.net\/site\/wp-json\/wp\/v2\/media?parent=1164"}],"curies":[{"name":"wp","href":"https:\/\/api.w.org\/{rel}","templated":true}]}}