{"id":1067,"date":"2016-09-07T19:10:17","date_gmt":"2016-09-07T17:10:17","guid":{"rendered":"http:\/\/didierlemarchand.net\/site\/?page_id=1067"},"modified":"2018-02-28T10:11:05","modified_gmt":"2018-02-28T09:11:05","slug":"prelevement-10","status":"publish","type":"page","link":"https:\/\/didierlemarchand.net\/site\/portfolio-2\/presence\/prelevement-10\/","title":{"rendered":"accident 3"},"content":{"rendered":"<p style=\"text-align: center;\">2008 \u2013 s\u00e9rie en cours \u2013 30 x 90 cm<\/p>\n<h1 style=\"text-align: center;\">&#8211;<\/h1>\n<p style=\"text-align: center;\"><img loading=\"lazy\" decoding=\"async\" class=\"alignnone size-medium colorbox-1067\" src=\"http:\/\/didierlemarchand.net\/4_site_nouveau\/portfolio-N3\/presence_N3\/PF3_accident_03\/accident_03_01.jpg\" width=\"695\" height=\"232\" \/><\/p>\n<h1><\/h1>\n<p>&nbsp;<\/p>\n<h1 style=\"text-align: center;\">&#8211;<\/h1>\n<h1><\/h1>\n<p>&nbsp;<\/p>\n<p style=\"text-align: center;\"><img loading=\"lazy\" decoding=\"async\" class=\"alignnone size-medium colorbox-1067\" src=\"http:\/\/didierlemarchand.net\/4_site_nouveau\/portfolio-N3\/presence_N3\/PF3_accident_03\/accident_03_02.jpg\" width=\"695\" height=\"232\" \/><\/p>\n<h1><\/h1>\n<p>&nbsp;<\/p>\n<h1 style=\"text-align: center;\">&#8211;<\/h1>\n<h1><\/h1>\n<p>&nbsp;<\/p>\n<p style=\"text-align: center;\"><img loading=\"lazy\" decoding=\"async\" class=\"alignnone size-medium colorbox-1067\" src=\"http:\/\/didierlemarchand.net\/4_site_nouveau\/portfolio-N3\/presence_N3\/PF3_accident_03\/accident_03_03.jpg\" width=\"695\" height=\"232\" \/><\/p>\n<h1><\/h1>\n<p>&nbsp;<\/p>\n<h1 style=\"text-align: center;\">&#8211;<\/h1>\n<h1 style=\"text-align: center;\"><\/h1>\n<p>Cette s\u00e9rie a le m\u00eame point de d\u00e9part que <a href=\"http:\/\/didierlemarchand.net\/site\/portfolio-2\/mots\/accident-08\/\" target=\"_blank\" rel=\"noopener\">accident 08<\/a>.<br \/>\nSeule diff\u00e9rence : ici interviennent la couleur et le montage en triptyque.<\/p>\n<p>La couleur des quotidiens est d\u00e9ssatur\u00e9e par le fait que le papier boit l&rsquo;encre. La couleur du quotidien en devient \u00e9teinte, morose.<\/p>\n<p>La confrontation lat\u00e9rale des images permet une mise en relation spatiale et temporelle : les pauvres heures du fran\u00e7ais du 21eme si\u00e8cle.<\/p>\n","protected":false},"excerpt":{"rendered":"<p>2008 \u2013 s\u00e9rie en cours \u2013 30 x 90 cm &#8211; &nbsp; &#8211; &nbsp; &nbsp; &#8211; &nbsp; &nbsp; &#8211; Cette <span class=\"ellipsis\">&hellip;<\/span> <span class=\"more-link-wrap\"><a href=\"https:\/\/didierlemarchand.net\/site\/portfolio-2\/presence\/prelevement-10\/\" class=\"more-link\"><span>Continue Reading &rarr;<\/span><\/a><\/span><\/p>\n","protected":false},"author":2,"featured_media":0,"parent":1313,"menu_order":101,"comment_status":"closed","ping_status":"closed","template":"","meta":{"_seopress_robots_primary_cat":"","_seopress_titles_title":"","_seopress_titles_desc":"","_seopress_robots_index":"","footnotes":""},"_links":{"self":[{"href":"https:\/\/didierlemarchand.net\/site\/wp-json\/wp\/v2\/pages\/1067"}],"collection":[{"href":"https:\/\/didierlemarchand.net\/site\/wp-json\/wp\/v2\/pages"}],"about":[{"href":"https:\/\/didierlemarchand.net\/site\/wp-json\/wp\/v2\/types\/page"}],"author":[{"embeddable":true,"href":"https:\/\/didierlemarchand.net\/site\/wp-json\/wp\/v2\/users\/2"}],"replies":[{"embeddable":true,"href":"https:\/\/didierlemarchand.net\/site\/wp-json\/wp\/v2\/comments?post=1067"}],"version-history":[{"count":13,"href":"https:\/\/didierlemarchand.net\/site\/wp-json\/wp\/v2\/pages\/1067\/revisions"}],"predecessor-version":[{"id":2388,"href":"https:\/\/didierlemarchand.net\/site\/wp-json\/wp\/v2\/pages\/1067\/revisions\/2388"}],"up":[{"embeddable":true,"href":"https:\/\/didierlemarchand.net\/site\/wp-json\/wp\/v2\/pages\/1313"}],"wp:attachment":[{"href":"https:\/\/didierlemarchand.net\/site\/wp-json\/wp\/v2\/media?parent=1067"}],"curies":[{"name":"wp","href":"https:\/\/api.w.org\/{rel}","templated":true}]}}